{"id":5706,"date":"2024-07-07T19:14:47","date_gmt":"2024-07-07T16:14:47","guid":{"rendered":"https:\/\/alexanderling.ee\/?post_type=product&#038;p=5706"},"modified":"2025-09-19T15:01:05","modified_gmt":"2025-09-19T12:01:05","slug":"clutch-bag-cuers-black","status":"publish","type":"product","link":"https:\/\/alexanderling.ee\/et\/toode\/clutch-bag-cuers-black\/","title":{"rendered":"K\u00e4ekott CUERS BLACK"},"content":{"rendered":"<p>K\u00e4ekotil on \u00fcks avatud p\u00f5hisahtel. Kott on tugeva konstruktsiooniga, kaetud kunstnahaga. Kotil on peidetud magnetkinnitus. Tutidetail on konksuga eemaldatav.<\/p>","protected":false},"excerpt":{"rendered":"<p>CUERS BLACK k\u00e4ekott on tugeva konstruktsiooniga ja valmistatud mustast kunstnahast, millel on sinise-punase kirju roosi tikand. Magnet-kinnitus on peidus sees pool. Puuvillaga vooderatud sisemus mahutab h\u00f5lpsasti telefoni ja v\u00f5tmed ning must tutt-detail annab v\u00f5imaluse kasutada seda hoopis k\u00e4epidemena.<\/p>","protected":false},"featured_media":6350,"template":"","meta":{"nf_dc_page":""},"product_brand":[],"product_cat":[22,69,58],"product_tag":[],"class_list":{"0":"post-5706","1":"product","2":"type-product","3":"status-publish","4":"has-post-thumbnail","6":"product_cat-accessories","7":"product_cat-clutches","8":"product_cat-sale","10":"first","11":"instock","12":"sale","13":"taxable","14":"shipping-taxable","15":"purchasable","16":"product-type-simple"},"jetpack_sharing_enabled":true,"_links":{"self":[{"href":"https:\/\/alexanderling.ee\/et\/wp-json\/wp\/v2\/product\/5706","targetHints":{"allow":["GET"]}}],"collection":[{"href":"https:\/\/alexanderling.ee\/et\/wp-json\/wp\/v2\/product"}],"about":[{"href":"https:\/\/alexanderling.ee\/et\/wp-json\/wp\/v2\/types\/product"}],"wp:featuredmedia":[{"embeddable":true,"href":"https:\/\/alexanderling.ee\/et\/wp-json\/wp\/v2\/media\/6350"}],"wp:attachment":[{"href":"https:\/\/alexanderling.ee\/et\/wp-json\/wp\/v2\/media?parent=5706"}],"wp:term":[{"taxonomy":"product_brand","embeddable":true,"href":"https:\/\/alexanderling.ee\/et\/wp-json\/wp\/v2\/product_brand?post=5706"},{"taxonomy":"product_cat","embeddable":true,"href":"https:\/\/alexanderling.ee\/et\/wp-json\/wp\/v2\/product_cat?post=5706"},{"taxonomy":"product_tag","embeddable":true,"href":"https:\/\/alexanderling.ee\/et\/wp-json\/wp\/v2\/product_tag?post=5706"}],"curies":[{"name":"wp","href":"https:\/\/api.w.org\/{rel}","templated":true}]}}