{"id":5709,"date":"2024-07-07T19:23:18","date_gmt":"2024-07-07T16:23:18","guid":{"rendered":"https:\/\/alexanderling.ee\/?post_type=product&#038;p=5709"},"modified":"2025-06-17T16:48:02","modified_gmt":"2025-06-17T13:48:02","slug":"clutch-bag-lurs","status":"publish","type":"product","link":"https:\/\/alexanderling.ee\/et\/toode\/clutch-bag-lurs\/","title":{"rendered":"K\u00e4ekott LURS"},"content":{"rendered":"<p>K\u00e4ekotil on \u00fcks avatud p\u00f5hisahtel. Kott on tugeva konstruktsiooniga ja kangaga kaetud ning musta metallist kl\u00f5ps-kinnitusega.<\/p>","protected":false},"excerpt":{"rendered":"<p>LURS k\u00e4ekott on tugeva konstruktsiooniga valmistatud trikolooris: bee\u017e, pruun ja kuldne. Krobelisel metall kl\u00f5ps-kinnitusega k\u00e4epidemel on l\u00e4bipaistvad kristallid.  Koti seest leiad musta metallketi, mis v\u00f5imaldab kotti kanda ka \u00fcle\u00f5lakotina. Puuvillaga vooderatud sisemus mahutab h\u00f5lpsasti telefoni ja v\u00f5tmed.<\/p>","protected":false},"featured_media":6336,"template":"","meta":{"nf_dc_page":""},"product_brand":[],"product_cat":[22,69],"product_tag":[],"class_list":{"0":"post-5709","1":"product","2":"type-product","3":"status-publish","4":"has-post-thumbnail","6":"product_cat-accessories","7":"product_cat-clutches","9":"first","10":"instock","11":"taxable","12":"shipping-taxable","13":"purchasable","14":"product-type-simple"},"jetpack_sharing_enabled":true,"_links":{"self":[{"href":"https:\/\/alexanderling.ee\/et\/wp-json\/wp\/v2\/product\/5709","targetHints":{"allow":["GET"]}}],"collection":[{"href":"https:\/\/alexanderling.ee\/et\/wp-json\/wp\/v2\/product"}],"about":[{"href":"https:\/\/alexanderling.ee\/et\/wp-json\/wp\/v2\/types\/product"}],"wp:featuredmedia":[{"embeddable":true,"href":"https:\/\/alexanderling.ee\/et\/wp-json\/wp\/v2\/media\/6336"}],"wp:attachment":[{"href":"https:\/\/alexanderling.ee\/et\/wp-json\/wp\/v2\/media?parent=5709"}],"wp:term":[{"taxonomy":"product_brand","embeddable":true,"href":"https:\/\/alexanderling.ee\/et\/wp-json\/wp\/v2\/product_brand?post=5709"},{"taxonomy":"product_cat","embeddable":true,"href":"https:\/\/alexanderling.ee\/et\/wp-json\/wp\/v2\/product_cat?post=5709"},{"taxonomy":"product_tag","embeddable":true,"href":"https:\/\/alexanderling.ee\/et\/wp-json\/wp\/v2\/product_tag?post=5709"}],"curies":[{"name":"wp","href":"https:\/\/api.w.org\/{rel}","templated":true}]}}