{"id":5711,"date":"2024-07-07T19:27:16","date_gmt":"2024-07-07T16:27:16","guid":{"rendered":"https:\/\/alexanderling.ee\/?post_type=product&#038;p=5711"},"modified":"2025-06-17T16:45:08","modified_gmt":"2025-06-17T13:45:08","slug":"clutch-bag-cruis-red","status":"publish","type":"product","link":"https:\/\/alexanderling.ee\/et\/toode\/clutch-bag-cruis-red\/","title":{"rendered":"K\u00e4ekott CRUIS RED"},"content":{"rendered":"<p>K\u00e4ekotil on \u00fcks avatud p\u00f5hisahtel ning sisek\u00fcljel sisemine kaarditasku. Kott on tugeva konstruktsiooniga ja kangaga kaetud ning samat tooni punasest metallist magnet-kinnitusega.<\/p>","protected":false},"excerpt":{"rendered":"<p>CRUIS RED k\u00e4ekott on tugeva konstruktsiooniga valmistatud vaarikapunasest kangast. Koti seest leiad musta v\u00e4rvi metallketi, mis v\u00f5imaldab kotti kanda ka \u00fcle\u00f5lakotina. Puuvillaga vooderatud sisemus mahutab h\u00f5lpsasti telefoni, eraldiseisvasse taskusse magnetkaardid ja ka v\u00f5tmed.<\/p>","protected":false},"featured_media":6314,"template":"","meta":{"nf_dc_page":""},"product_brand":[],"product_cat":[22,69],"product_tag":[],"class_list":{"0":"post-5711","1":"product","2":"type-product","3":"status-publish","4":"has-post-thumbnail","6":"product_cat-accessories","7":"product_cat-clutches","9":"first","10":"outofstock","11":"taxable","12":"shipping-taxable","13":"purchasable","14":"product-type-simple"},"jetpack_sharing_enabled":true,"_links":{"self":[{"href":"https:\/\/alexanderling.ee\/et\/wp-json\/wp\/v2\/product\/5711","targetHints":{"allow":["GET"]}}],"collection":[{"href":"https:\/\/alexanderling.ee\/et\/wp-json\/wp\/v2\/product"}],"about":[{"href":"https:\/\/alexanderling.ee\/et\/wp-json\/wp\/v2\/types\/product"}],"wp:featuredmedia":[{"embeddable":true,"href":"https:\/\/alexanderling.ee\/et\/wp-json\/wp\/v2\/media\/6314"}],"wp:attachment":[{"href":"https:\/\/alexanderling.ee\/et\/wp-json\/wp\/v2\/media?parent=5711"}],"wp:term":[{"taxonomy":"product_brand","embeddable":true,"href":"https:\/\/alexanderling.ee\/et\/wp-json\/wp\/v2\/product_brand?post=5711"},{"taxonomy":"product_cat","embeddable":true,"href":"https:\/\/alexanderling.ee\/et\/wp-json\/wp\/v2\/product_cat?post=5711"},{"taxonomy":"product_tag","embeddable":true,"href":"https:\/\/alexanderling.ee\/et\/wp-json\/wp\/v2\/product_tag?post=5711"}],"curies":[{"name":"wp","href":"https:\/\/api.w.org\/{rel}","templated":true}]}}