{"id":5796,"date":"2024-07-07T21:41:30","date_gmt":"2024-07-07T18:41:30","guid":{"rendered":"https:\/\/alexanderling.ee\/?post_type=product&#038;p=5796"},"modified":"2025-09-19T15:02:46","modified_gmt":"2025-09-19T12:02:46","slug":"clutch-bag-aurel-black","status":"publish","type":"product","link":"https:\/\/alexanderling.ee\/et\/toode\/clutch-bag-aurel-black\/","title":{"rendered":"K\u00e4ekott GOLEMME BLACK"},"content":{"rendered":"<p><span data-sheets-root=\"1\">K\u00e4ekotil on \u00fcks avatud p\u00f5hisahtel ning sisek\u00fcljel sisemine kaarditasku. Kott on valmistatud kunstnahast.<\/span><\/p>","protected":false},"excerpt":{"rendered":"<p>GOLEMME k\u00e4ekott on minimalistliku disainiga ning valmistatud mustast kunstnahast. K\u00e4ekott on tugeva konstruktsiooniga ning mugava h\u00f5bedatooni metallist trukk-kinnitusega.<\/p>","protected":false},"featured_media":6337,"template":"","meta":{"nf_dc_page":""},"product_brand":[],"product_cat":[22,69,58],"product_tag":[],"class_list":{"0":"post-5796","1":"product","2":"type-product","3":"status-publish","4":"has-post-thumbnail","6":"product_cat-accessories","7":"product_cat-clutches","8":"product_cat-sale","10":"first","11":"instock","12":"sale","13":"taxable","14":"shipping-taxable","15":"purchasable","16":"product-type-simple"},"jetpack_sharing_enabled":true,"_links":{"self":[{"href":"https:\/\/alexanderling.ee\/et\/wp-json\/wp\/v2\/product\/5796","targetHints":{"allow":["GET"]}}],"collection":[{"href":"https:\/\/alexanderling.ee\/et\/wp-json\/wp\/v2\/product"}],"about":[{"href":"https:\/\/alexanderling.ee\/et\/wp-json\/wp\/v2\/types\/product"}],"wp:featuredmedia":[{"embeddable":true,"href":"https:\/\/alexanderling.ee\/et\/wp-json\/wp\/v2\/media\/6337"}],"wp:attachment":[{"href":"https:\/\/alexanderling.ee\/et\/wp-json\/wp\/v2\/media?parent=5796"}],"wp:term":[{"taxonomy":"product_brand","embeddable":true,"href":"https:\/\/alexanderling.ee\/et\/wp-json\/wp\/v2\/product_brand?post=5796"},{"taxonomy":"product_cat","embeddable":true,"href":"https:\/\/alexanderling.ee\/et\/wp-json\/wp\/v2\/product_cat?post=5796"},{"taxonomy":"product_tag","embeddable":true,"href":"https:\/\/alexanderling.ee\/et\/wp-json\/wp\/v2\/product_tag?post=5796"}],"curies":[{"name":"wp","href":"https:\/\/api.w.org\/{rel}","templated":true}]}}