{"id":5803,"date":"2024-07-07T21:47:37","date_gmt":"2024-07-07T18:47:37","guid":{"rendered":"https:\/\/alexanderling.ee\/?post_type=product&#038;p=5803"},"modified":"2025-05-29T11:02:12","modified_gmt":"2025-05-29T08:02:12","slug":"clutch-bag-digne-gold","status":"publish","type":"product","link":"https:\/\/alexanderling.ee\/et\/toode\/clutch-bag-digne-gold\/","title":{"rendered":"K\u00e4ekott GOLEMITA SILVER"},"content":{"rendered":"<p>Kott on minimalistliku disainiga, sisaldades \u00fchte sisemist taskut ja avarat p\u00f5hisahtlit. Kl\u00f5pskinnitusega suletav mudel on varustatud 122 cm pikkuse eemaldatava kettrihmaga ning selle materjalil on nahalaadne tunne.<\/p>","protected":false},"excerpt":{"rendered":"<p>Lisa \u00f5htusele v\u00e4limusele s\u00e4rtsu GOLEMITA OLIVE \/ SILVER kotiga. Selle ainulaadne disain \u00fchendab tekstuurse h\u00f5bedase ja oliivitooni s\u00e4deleva kanga, mis on pehme ja luksuslik. Ideaalne aksessuaar, mis t\u00e4iendab nii elegantset kui ka modernset \u00f5htustiili.<\/p>","protected":false},"featured_media":6321,"template":"","meta":{"nf_dc_page":""},"product_brand":[],"product_cat":[22,69],"product_tag":[],"class_list":{"0":"post-5803","1":"product","2":"type-product","3":"status-publish","4":"has-post-thumbnail","6":"product_cat-accessories","7":"product_cat-clutches","9":"first","10":"outofstock","11":"taxable","12":"shipping-taxable","13":"purchasable","14":"product-type-variable"},"jetpack_sharing_enabled":true,"_links":{"self":[{"href":"https:\/\/alexanderling.ee\/et\/wp-json\/wp\/v2\/product\/5803","targetHints":{"allow":["GET"]}}],"collection":[{"href":"https:\/\/alexanderling.ee\/et\/wp-json\/wp\/v2\/product"}],"about":[{"href":"https:\/\/alexanderling.ee\/et\/wp-json\/wp\/v2\/types\/product"}],"wp:featuredmedia":[{"embeddable":true,"href":"https:\/\/alexanderling.ee\/et\/wp-json\/wp\/v2\/media\/6321"}],"wp:attachment":[{"href":"https:\/\/alexanderling.ee\/et\/wp-json\/wp\/v2\/media?parent=5803"}],"wp:term":[{"taxonomy":"product_brand","embeddable":true,"href":"https:\/\/alexanderling.ee\/et\/wp-json\/wp\/v2\/product_brand?post=5803"},{"taxonomy":"product_cat","embeddable":true,"href":"https:\/\/alexanderling.ee\/et\/wp-json\/wp\/v2\/product_cat?post=5803"},{"taxonomy":"product_tag","embeddable":true,"href":"https:\/\/alexanderling.ee\/et\/wp-json\/wp\/v2\/product_tag?post=5803"}],"curies":[{"name":"wp","href":"https:\/\/api.w.org\/{rel}","templated":true}]}}