{"id":5850,"date":"2024-07-11T15:19:30","date_gmt":"2024-07-11T12:19:30","guid":{"rendered":"https:\/\/alexanderling.ee\/?post_type=product&#038;p=5850"},"modified":"2025-04-24T14:54:20","modified_gmt":"2025-04-24T11:54:20","slug":"earrings-pinsac-red","status":"publish","type":"product","link":"https:\/\/alexanderling.ee\/et\/toode\/earrings-pinsac-red\/","title":{"rendered":"K\u00f5rvar\u00f5ngad PINSAC RED"},"content":{"rendered":"","protected":false},"excerpt":{"rendered":"<p>K\u00f5rvar\u00f5ngad punase kiviga.<\/p>","protected":false},"featured_media":5820,"template":"","meta":{"nf_dc_page":""},"product_brand":[],"product_cat":[22,30],"product_tag":[],"class_list":{"0":"post-5850","1":"product","2":"type-product","3":"status-publish","4":"has-post-thumbnail","6":"product_cat-accessories","7":"product_cat-earrings","9":"first","10":"instock","11":"taxable","12":"shipping-taxable","13":"purchasable","14":"product-type-simple"},"jetpack_sharing_enabled":true,"_links":{"self":[{"href":"https:\/\/alexanderling.ee\/et\/wp-json\/wp\/v2\/product\/5850","targetHints":{"allow":["GET"]}}],"collection":[{"href":"https:\/\/alexanderling.ee\/et\/wp-json\/wp\/v2\/product"}],"about":[{"href":"https:\/\/alexanderling.ee\/et\/wp-json\/wp\/v2\/types\/product"}],"wp:featuredmedia":[{"embeddable":true,"href":"https:\/\/alexanderling.ee\/et\/wp-json\/wp\/v2\/media\/5820"}],"wp:attachment":[{"href":"https:\/\/alexanderling.ee\/et\/wp-json\/wp\/v2\/media?parent=5850"}],"wp:term":[{"taxonomy":"product_brand","embeddable":true,"href":"https:\/\/alexanderling.ee\/et\/wp-json\/wp\/v2\/product_brand?post=5850"},{"taxonomy":"product_cat","embeddable":true,"href":"https:\/\/alexanderling.ee\/et\/wp-json\/wp\/v2\/product_cat?post=5850"},{"taxonomy":"product_tag","embeddable":true,"href":"https:\/\/alexanderling.ee\/et\/wp-json\/wp\/v2\/product_tag?post=5850"}],"curies":[{"name":"wp","href":"https:\/\/api.w.org\/{rel}","templated":true}]}}