{"id":5914,"date":"2024-06-25T13:54:54","date_gmt":"2024-06-25T10:54:54","guid":{"rendered":"https:\/\/alexanderling.ee\/?post_type=product&#038;p=5914"},"modified":"2025-11-07T23:59:55","modified_gmt":"2025-11-07T20:59:55","slug":"wrap-top-rafina","status":"publish","type":"product","link":"https:\/\/alexanderling.ee\/et\/toode\/wrap-top-rafina\/","title":{"rendered":"Topp RAFINA"},"content":{"rendered":"<p>Lycra h\u00f5lmikpluus drapeeritud kaelusega, taljel ripsipaela kinnitus.<\/p>","protected":false},"excerpt":{"rendered":"<p>Bee\u017eikas-hall h\u00f5lmikpluus RAFINA on drapeeritud kaeluse ja 3\/4 pikkusega varrukatega, mida t\u00e4iustavad  100% siidist kandid \u00e4\u00e4rtes. V\u00f6\u00f6kohal olev ripsipael v\u00f5imaldad h\u00f5lmikpluusi kinnitust siduda taljesse.<\/p>\n<p><strong>Stiilinipp:<\/strong>muuda pluusi pidulikuks, kombineerides see ELLORIO pitsip\u00fckstega, millel on samast kangast vooder.<\/p>\n<p><strong>Istuvus:<\/strong> modell on 181 cm pikk ja kannab suurust 36.<\/p>\n<p>Vastab suurusele.<\/p>","protected":false},"featured_media":9894,"template":"","meta":{"nf_dc_page":""},"product_brand":[],"product_cat":[76,58,219,17],"product_tag":[],"class_list":{"0":"post-5914","1":"product","2":"type-product","3":"status-publish","4":"has-post-thumbnail","6":"product_cat-basics","7":"product_cat-sale","8":"product_cat-seasonal-elegance","9":"product_cat-tops","11":"first","12":"instock","13":"sale","14":"taxable","15":"shipping-taxable","16":"purchasable","17":"product-type-variable"},"jetpack_sharing_enabled":true,"_links":{"self":[{"href":"https:\/\/alexanderling.ee\/et\/wp-json\/wp\/v2\/product\/5914","targetHints":{"allow":["GET"]}}],"collection":[{"href":"https:\/\/alexanderling.ee\/et\/wp-json\/wp\/v2\/product"}],"about":[{"href":"https:\/\/alexanderling.ee\/et\/wp-json\/wp\/v2\/types\/product"}],"wp:featuredmedia":[{"embeddable":true,"href":"https:\/\/alexanderling.ee\/et\/wp-json\/wp\/v2\/media\/9894"}],"wp:attachment":[{"href":"https:\/\/alexanderling.ee\/et\/wp-json\/wp\/v2\/media?parent=5914"}],"wp:term":[{"taxonomy":"product_brand","embeddable":true,"href":"https:\/\/alexanderling.ee\/et\/wp-json\/wp\/v2\/product_brand?post=5914"},{"taxonomy":"product_cat","embeddable":true,"href":"https:\/\/alexanderling.ee\/et\/wp-json\/wp\/v2\/product_cat?post=5914"},{"taxonomy":"product_tag","embeddable":true,"href":"https:\/\/alexanderling.ee\/et\/wp-json\/wp\/v2\/product_tag?post=5914"}],"curies":[{"name":"wp","href":"https:\/\/api.w.org\/{rel}","templated":true}]}}