{"id":6056,"date":"2024-06-25T16:27:27","date_gmt":"2024-06-25T13:27:27","guid":{"rendered":"https:\/\/alexanderling.ee\/?post_type=product&#038;p=6056"},"modified":"2026-02-04T16:32:33","modified_gmt":"2026-02-04T13:32:33","slug":"blouse-lalmatie-long","status":"publish","type":"product","link":"https:\/\/alexanderling.ee\/et\/toode\/blouse-lalmatie-long\/","title":{"rendered":"Pluus LALMATIE LONG"},"content":{"rendered":"<p>Villakangast topp v\u00f5rkkangast voodriga. Peitlukk-kinnis \u00f5lal ja k\u00fcljel.<\/p>","protected":false},"excerpt":{"rendered":"<p>LALMATIE LONG on LALMATIE pluusi pikem versioon. See on valmistatud villast ja sellel on pehme v\u00f5rkvooder. Pluus on liibuv ning k\u00f5rge kaelus kauni paelaga r\u00f5hutab kaela. Rinnaosast on l\u00f5ige sujuv ning varrukad laienevad allapoole. Varrukaid kaunistavad kaunid pitsist paelad.<\/p>\n<p><strong>Stiilinipp:<\/strong> kanna mustade p\u00fckstega elegantse tulemuse loomiseks v\u00f5i kombineeri seelikuga naiselikuma ilme saavutamiseks.<\/p>\n<p><strong>Istuvus:<\/strong> modell on 178 cm pikk ja kannab suurust 36.<\/p>\n<p>Vastab suurusele.<\/p>","protected":false},"featured_media":9852,"template":"","meta":{"nf_dc_page":""},"product_brand":[],"product_cat":[62,125,58,17],"product_tag":[],"class_list":{"0":"post-6056","1":"product","2":"type-product","3":"status-publish","4":"has-post-thumbnail","6":"product_cat-simple-life-aw22","7":"product_cat-collections","8":"product_cat-sale","9":"product_cat-tops","11":"first","12":"instock","13":"sale","14":"taxable","15":"shipping-taxable","16":"purchasable","17":"product-type-variable"},"jetpack_sharing_enabled":true,"_links":{"self":[{"href":"https:\/\/alexanderling.ee\/et\/wp-json\/wp\/v2\/product\/6056","targetHints":{"allow":["GET"]}}],"collection":[{"href":"https:\/\/alexanderling.ee\/et\/wp-json\/wp\/v2\/product"}],"about":[{"href":"https:\/\/alexanderling.ee\/et\/wp-json\/wp\/v2\/types\/product"}],"wp:featuredmedia":[{"embeddable":true,"href":"https:\/\/alexanderling.ee\/et\/wp-json\/wp\/v2\/media\/9852"}],"wp:attachment":[{"href":"https:\/\/alexanderling.ee\/et\/wp-json\/wp\/v2\/media?parent=6056"}],"wp:term":[{"taxonomy":"product_brand","embeddable":true,"href":"https:\/\/alexanderling.ee\/et\/wp-json\/wp\/v2\/product_brand?post=6056"},{"taxonomy":"product_cat","embeddable":true,"href":"https:\/\/alexanderling.ee\/et\/wp-json\/wp\/v2\/product_cat?post=6056"},{"taxonomy":"product_tag","embeddable":true,"href":"https:\/\/alexanderling.ee\/et\/wp-json\/wp\/v2\/product_tag?post=6056"}],"curies":[{"name":"wp","href":"https:\/\/api.w.org\/{rel}","templated":true}]}}