{"id":6139,"date":"2024-07-07T18:06:23","date_gmt":"2024-07-07T15:06:23","guid":{"rendered":"https:\/\/alexanderling.ee\/?post_type=product&#038;p=6139"},"modified":"2025-06-17T16:45:04","modified_gmt":"2025-06-17T13:45:04","slug":"clutch-bag-cruis-floral","status":"publish","type":"product","link":"https:\/\/alexanderling.ee\/et\/toode\/clutch-bag-cruis-floral\/","title":{"rendered":"K\u00e4ekott CRUIS FLORAL"},"content":{"rendered":"<p>K\u00e4ekotil on \u00fcks avatud p\u00f5hisahtel ning sisek\u00fcljel sisemine kaarditasku. Kott on tugeva konstruktsiooniga ja kangaga kaetud ning kullatooni metallist magnet-kinnitusega.<\/p>","protected":false},"excerpt":{"rendered":"<p>CRUIS FLORAL k\u00e4ekott on tugeva konstruktsiooniga valmistatud tumesiniste lillede ja hallide lehtedega prindiga kangast. Puuvillaga vooderatud sisemus mahutab h\u00f5lpsasti telefoni, eraldiseisvasse taskusse magnetkaardid ja ka v\u00f5tmed.<\/p>","protected":false},"featured_media":6355,"template":"","meta":{"nf_dc_page":""},"product_brand":[],"product_cat":[22,69],"product_tag":[],"class_list":{"0":"post-6139","1":"product","2":"type-product","3":"status-publish","4":"has-post-thumbnail","6":"product_cat-accessories","7":"product_cat-clutches","9":"first","10":"outofstock","11":"taxable","12":"shipping-taxable","13":"purchasable","14":"product-type-simple"},"jetpack_sharing_enabled":true,"_links":{"self":[{"href":"https:\/\/alexanderling.ee\/et\/wp-json\/wp\/v2\/product\/6139","targetHints":{"allow":["GET"]}}],"collection":[{"href":"https:\/\/alexanderling.ee\/et\/wp-json\/wp\/v2\/product"}],"about":[{"href":"https:\/\/alexanderling.ee\/et\/wp-json\/wp\/v2\/types\/product"}],"wp:featuredmedia":[{"embeddable":true,"href":"https:\/\/alexanderling.ee\/et\/wp-json\/wp\/v2\/media\/6355"}],"wp:attachment":[{"href":"https:\/\/alexanderling.ee\/et\/wp-json\/wp\/v2\/media?parent=6139"}],"wp:term":[{"taxonomy":"product_brand","embeddable":true,"href":"https:\/\/alexanderling.ee\/et\/wp-json\/wp\/v2\/product_brand?post=6139"},{"taxonomy":"product_cat","embeddable":true,"href":"https:\/\/alexanderling.ee\/et\/wp-json\/wp\/v2\/product_cat?post=6139"},{"taxonomy":"product_tag","embeddable":true,"href":"https:\/\/alexanderling.ee\/et\/wp-json\/wp\/v2\/product_tag?post=6139"}],"curies":[{"name":"wp","href":"https:\/\/api.w.org\/{rel}","templated":true}]}}