{"id":63,"date":"2021-03-24T10:58:04","date_gmt":"2021-03-24T07:58:04","guid":{"rendered":"https:\/\/alexanderling.ee\/?post_type=product&#038;p=63"},"modified":"2026-02-04T16:39:56","modified_gmt":"2026-02-04T13:39:56","slug":"top-wanaka-black","status":"publish","type":"product","link":"https:\/\/alexanderling.ee\/et\/toode\/top-wanaka-black\/","title":{"rendered":"Topp WANAKA BLACK"},"content":{"rendered":"<p>Ees s\u00f5lmitava detailiga pluus, millel on n\u00f6\u00f6pkinnis kaela taga. Seljal v\u00e4ike avaus. Varrukaotsad on elastsed.<\/p>","protected":false},"excerpt":{"rendered":"<p>WANAKA BLACK on s\u00f5lmitava esiosaga pluus, millel on pikad varrukad ja v\u00e4ike k\u00f5rge kaelus. Seda saab kanda lahtiselt v\u00f5i siduda kauniks s\u00f5lmeks.<\/p>\n<p><strong>Stiilinipp:<\/strong> kanna WANAKA toppi koos pliiatsseeliku v\u00f5i sigarettp\u00fckstega, et tasakaalustada s\u00f5lmitud esiosa kitsama s\u00e4\u00e4resiluetiga.<\/p>\n<p><strong>Istuvus:<\/strong> modell on 180 cm pikk ja kannab suurust 36.<\/p>\n<p>Vastab suurusele.<\/p>","protected":false},"featured_media":9900,"template":"","meta":{"nf_dc_page":""},"product_brand":[],"product_cat":[76,17],"product_tag":[],"class_list":{"0":"post-63","1":"product","2":"type-product","3":"status-publish","4":"has-post-thumbnail","6":"product_cat-basics","7":"product_cat-tops","9":"first","10":"instock","11":"taxable","12":"shipping-taxable","13":"purchasable","14":"product-type-variable"},"jetpack_sharing_enabled":true,"_links":{"self":[{"href":"https:\/\/alexanderling.ee\/et\/wp-json\/wp\/v2\/product\/63","targetHints":{"allow":["GET"]}}],"collection":[{"href":"https:\/\/alexanderling.ee\/et\/wp-json\/wp\/v2\/product"}],"about":[{"href":"https:\/\/alexanderling.ee\/et\/wp-json\/wp\/v2\/types\/product"}],"wp:featuredmedia":[{"embeddable":true,"href":"https:\/\/alexanderling.ee\/et\/wp-json\/wp\/v2\/media\/9900"}],"wp:attachment":[{"href":"https:\/\/alexanderling.ee\/et\/wp-json\/wp\/v2\/media?parent=63"}],"wp:term":[{"taxonomy":"product_brand","embeddable":true,"href":"https:\/\/alexanderling.ee\/et\/wp-json\/wp\/v2\/product_brand?post=63"},{"taxonomy":"product_cat","embeddable":true,"href":"https:\/\/alexanderling.ee\/et\/wp-json\/wp\/v2\/product_cat?post=63"},{"taxonomy":"product_tag","embeddable":true,"href":"https:\/\/alexanderling.ee\/et\/wp-json\/wp\/v2\/product_tag?post=63"}],"curies":[{"name":"wp","href":"https:\/\/api.w.org\/{rel}","templated":true}]}}