{"id":6543,"date":"2022-11-22T16:38:55","date_gmt":"2022-11-22T13:38:55","guid":{"rendered":"https:\/\/alexanderling.ee\/?post_type=product&#038;p=6543"},"modified":"2026-02-04T16:11:20","modified_gmt":"2026-02-04T13:11:20","slug":"trousers-depinay","status":"publish","type":"product","link":"https:\/\/alexanderling.ee\/et\/toode\/trousers-depinay\/","title":{"rendered":"Trousers D&#8217;EPINAY"},"content":{"rendered":"<p><span data-sheets-root=\"1\">V\u00f5rgust p\u00fcksid elastse v\u00f6\u00f6koha ja sirge l\u00f5ikega.<\/span><\/p>","protected":false},"excerpt":{"rendered":"<p><span data-sheets-root=\"1\">D\u2019EPINAY l\u00e4bikumavad p\u00fcksid on kuumim toode Simple Life kollektsioonist. Neil on elastne v\u00f6\u00f6koht ja sirge p\u00fcksijoon. Kanna neid koos kehatooni aluspesuga, et luua silmapaistev outfit, v\u00f5i lisa peale pikk \u00fclikonna jakk\/kohev kampsun, et puusad oleks kaetud.<\/span><\/p>\n<p><strong>Stiilinipp:<\/strong> kanna eraldiseisvana koos kudumiga v\u00f5i \u00fche meie villapitsist topiga, et luua naiselik ja pidulik look. \u00c4ra unusta oma pikkuse teada andmist meile, et saaksime all\u00e4\u00e4re pikkuse m\u00e4\u00e4rata Sinu pikkusele sobivaks.<\/p>\n<p><strong>Istuvus:<\/strong> modell on 177 cm pikk ja kannab suurust 36.<\/p>\n<p>Vastab suurusele.<\/p>","protected":false},"featured_media":9851,"template":"","meta":{"nf_dc_page":""},"product_brand":[],"product_cat":[62,20,28],"product_tag":[],"class_list":{"0":"post-6543","1":"product","2":"type-product","3":"status-publish","4":"has-post-thumbnail","6":"product_cat-simple-life-aw22","7":"product_cat-bottoms","8":"product_cat-trousers","10":"first","11":"instock","12":"taxable","13":"shipping-taxable","14":"purchasable","15":"product-type-variable"},"jetpack_sharing_enabled":true,"_links":{"self":[{"href":"https:\/\/alexanderling.ee\/et\/wp-json\/wp\/v2\/product\/6543","targetHints":{"allow":["GET"]}}],"collection":[{"href":"https:\/\/alexanderling.ee\/et\/wp-json\/wp\/v2\/product"}],"about":[{"href":"https:\/\/alexanderling.ee\/et\/wp-json\/wp\/v2\/types\/product"}],"wp:featuredmedia":[{"embeddable":true,"href":"https:\/\/alexanderling.ee\/et\/wp-json\/wp\/v2\/media\/9851"}],"wp:attachment":[{"href":"https:\/\/alexanderling.ee\/et\/wp-json\/wp\/v2\/media?parent=6543"}],"wp:term":[{"taxonomy":"product_brand","embeddable":true,"href":"https:\/\/alexanderling.ee\/et\/wp-json\/wp\/v2\/product_brand?post=6543"},{"taxonomy":"product_cat","embeddable":true,"href":"https:\/\/alexanderling.ee\/et\/wp-json\/wp\/v2\/product_cat?post=6543"},{"taxonomy":"product_tag","embeddable":true,"href":"https:\/\/alexanderling.ee\/et\/wp-json\/wp\/v2\/product_tag?post=6543"}],"curies":[{"name":"wp","href":"https:\/\/api.w.org\/{rel}","templated":true}]}}