{"id":8271,"date":"2024-10-23T11:30:34","date_gmt":"2024-10-23T08:30:34","guid":{"rendered":"https:\/\/alexanderling.ee\/?post_type=product&#038;p=8271"},"modified":"2025-08-15T22:52:01","modified_gmt":"2025-08-15T19:52:01","slug":"trousers-sampacho","status":"publish","type":"product","link":"https:\/\/alexanderling.ee\/et\/toode\/trousers-sampacho\/","title":{"rendered":"P\u00fcksid SAMPACHO"},"content":{"rendered":"<p>P\u00fckstel on elastne v\u00f6\u00f6koht ja kaks taskut k\u00fclgedel.<\/p>","protected":false},"excerpt":{"rendered":"<p><span data-sheets-root=\"1\">SAMPACHO viikidega laiad p\u00fcksid \u00fchendavad vaevatu elegantsi modernse struktuuriga, pakkudes vabat, kuid samas kohandatud siluetti. Need on ideaalsed nii ametlikele kui igap\u00e4evastele s\u00fcndmustele.<\/span><\/p>\n<p><strong>Stiilinipp:<\/strong> kombineeri p\u00fcksid musta T-s\u00e4rgiga SAN LUIS, et tekiks igap\u00e4evane v\u00e4ljan\u00e4gemine, aga \u0161iki tundega. \u00c4ra unusta oma pikkuse teada andmist meile, et saaksime all\u00e4\u00e4re pikkuse m\u00e4\u00e4rata Sinu pikkusele sobivaks.<\/p>\n<p><strong>Istuvus:<\/strong> modell on 179 cm pikk ja kannab suurust 38.<\/p>\n<p>Istub kehasse vabalt.<\/p>","protected":false},"featured_media":9843,"template":"","meta":{"nf_dc_page":""},"product_brand":[],"product_cat":[222,20,125,219,28],"product_tag":[],"class_list":{"0":"post-8271","1":"product","2":"type-product","3":"status-publish","4":"has-post-thumbnail","6":"product_cat-grey-a-w-24","7":"product_cat-bottoms","8":"product_cat-collections","9":"product_cat-seasonal-elegance","10":"product_cat-trousers","12":"first","13":"instock","14":"taxable","15":"shipping-taxable","16":"purchasable","17":"product-type-variable"},"jetpack_sharing_enabled":true,"_links":{"self":[{"href":"https:\/\/alexanderling.ee\/et\/wp-json\/wp\/v2\/product\/8271","targetHints":{"allow":["GET"]}}],"collection":[{"href":"https:\/\/alexanderling.ee\/et\/wp-json\/wp\/v2\/product"}],"about":[{"href":"https:\/\/alexanderling.ee\/et\/wp-json\/wp\/v2\/types\/product"}],"wp:featuredmedia":[{"embeddable":true,"href":"https:\/\/alexanderling.ee\/et\/wp-json\/wp\/v2\/media\/9843"}],"wp:attachment":[{"href":"https:\/\/alexanderling.ee\/et\/wp-json\/wp\/v2\/media?parent=8271"}],"wp:term":[{"taxonomy":"product_brand","embeddable":true,"href":"https:\/\/alexanderling.ee\/et\/wp-json\/wp\/v2\/product_brand?post=8271"},{"taxonomy":"product_cat","embeddable":true,"href":"https:\/\/alexanderling.ee\/et\/wp-json\/wp\/v2\/product_cat?post=8271"},{"taxonomy":"product_tag","embeddable":true,"href":"https:\/\/alexanderling.ee\/et\/wp-json\/wp\/v2\/product_tag?post=8271"}],"curies":[{"name":"wp","href":"https:\/\/api.w.org\/{rel}","templated":true}]}}