{"id":8277,"date":"2024-10-24T15:58:52","date_gmt":"2024-10-24T12:58:52","guid":{"rendered":"https:\/\/alexanderling.ee\/?post_type=product&#038;p=8277"},"modified":"2025-11-07T23:53:08","modified_gmt":"2025-11-07T20:53:08","slug":"t-shirt-san-luis","status":"publish","type":"product","link":"https:\/\/alexanderling.ee\/et\/toode\/t-shirt-san-luis\/","title":{"rendered":"T-s\u00e4rk SAN LUIS"},"content":{"rendered":"<p>Basic fitted T-shirt with crewneck collar.<\/p>","protected":false},"excerpt":{"rendered":"<p>SAN LUIS must T-s\u00e4rk pakub oma vabalt kukkuvusega elegantset lohakust oma disainis ja valmistatud kvaliteetsest, \u00fclipehmest puuvillakangast. Minimalistlik disain ja luksuslik tunne teevad sellest mitmek\u00fclgse statement-eseme igasse peenelt l\u00e4bim\u00f5eldud garderoobi, \u00fchendades mugavuse ja stiili.<\/p>\n<p><strong>Stiilinipp:<\/strong> kombineeri see must T-s\u00e4rk viigip\u00fckste ja silmapaistvate aksessuaaridega, et luua \u0161ikk ja v\u00e4ljapeetud v\u00e4limus, v\u00f5i hoia see lihtsana k\u00f5rge pihaosaga teksade ja minimalistlike tossudega.<\/p>\n<p><strong>Istuvus:<\/strong> modell on 179 cm pikk ja kannab suurust 38.<\/p>\n<p>Vastab suurusele.<\/p>","protected":false},"featured_media":10065,"template":"","meta":{"nf_dc_page":""},"product_brand":[],"product_cat":[281,76,125,219,17],"product_tag":[],"class_list":{"0":"post-8277","1":"product","2":"type-product","3":"status-publish","4":"has-post-thumbnail","6":"product_cat-groovy-resort-25","7":"product_cat-basics","8":"product_cat-collections","9":"product_cat-seasonal-elegance","10":"product_cat-tops","12":"first","13":"instock","14":"sale","15":"taxable","16":"shipping-taxable","17":"purchasable","18":"product-type-variable"},"jetpack_sharing_enabled":true,"_links":{"self":[{"href":"https:\/\/alexanderling.ee\/et\/wp-json\/wp\/v2\/product\/8277","targetHints":{"allow":["GET"]}}],"collection":[{"href":"https:\/\/alexanderling.ee\/et\/wp-json\/wp\/v2\/product"}],"about":[{"href":"https:\/\/alexanderling.ee\/et\/wp-json\/wp\/v2\/types\/product"}],"wp:featuredmedia":[{"embeddable":true,"href":"https:\/\/alexanderling.ee\/et\/wp-json\/wp\/v2\/media\/10065"}],"wp:attachment":[{"href":"https:\/\/alexanderling.ee\/et\/wp-json\/wp\/v2\/media?parent=8277"}],"wp:term":[{"taxonomy":"product_brand","embeddable":true,"href":"https:\/\/alexanderling.ee\/et\/wp-json\/wp\/v2\/product_brand?post=8277"},{"taxonomy":"product_cat","embeddable":true,"href":"https:\/\/alexanderling.ee\/et\/wp-json\/wp\/v2\/product_cat?post=8277"},{"taxonomy":"product_tag","embeddable":true,"href":"https:\/\/alexanderling.ee\/et\/wp-json\/wp\/v2\/product_tag?post=8277"}],"curies":[{"name":"wp","href":"https:\/\/api.w.org\/{rel}","templated":true}]}}