{"id":8279,"date":"2024-10-24T15:50:49","date_gmt":"2024-10-24T12:50:49","guid":{"rendered":"https:\/\/alexanderling.ee\/?post_type=product&#038;p=8279"},"modified":"2026-02-03T16:31:47","modified_gmt":"2026-02-03T13:31:47","slug":"biker-jacket-catriel","status":"publish","type":"product","link":"https:\/\/alexanderling.ee\/et\/toode\/biker-jacket-catriel\/","title":{"rendered":"Jakk CATRIEL"},"content":{"rendered":"<p>Jakil on ees lukk ja kaks taskut.<\/p>","protected":false},"excerpt":{"rendered":"<p>CATRIEL biker-jakk kannab endas julget, pisut androg\u00fc\u00fcnset joont, sest mootorratturijaki l\u00f5ige seostub tavaliselt meestemoega nii samuti kui minimalistlik hall toon. CARTIEL jakk on aga valmistatud pehmest, topelt trikotaa\u017ei kangast, mis annab voolujoonelise joone, mida on h\u00f5lbus naiselikult stiliseerida.<\/p>\n<p><strong>Stiilinipp:<\/strong> kanna see kleidi peal, et lisada naiselikule v\u00e4ljan\u00e4gemisele veidi teravust. Minu lemmik on kanda aga samast kangast seelikuga, mille juurde sobitatud must k\u00f5rge kaelusega d\u017eemper.<\/p>\n<p><strong>Istuvus:<\/strong> modell on 179 cm pikk ja kannab suurust 38.<\/p>\n<p>Vastab suurusele.<\/p>","protected":false},"featured_media":9840,"template":"","meta":{"nf_dc_page":""},"product_brand":[],"product_cat":[222,164,125,23,219],"product_tag":[],"class_list":{"0":"post-8279","1":"product","2":"type-product","3":"status-publish","4":"has-post-thumbnail","6":"product_cat-grey-a-w-24","7":"product_cat-coats-jackets","8":"product_cat-collections","9":"product_cat-outerwear","10":"product_cat-seasonal-elegance","12":"first","13":"instock","14":"sale","15":"taxable","16":"shipping-taxable","17":"purchasable","18":"product-type-variable"},"jetpack_sharing_enabled":true,"_links":{"self":[{"href":"https:\/\/alexanderling.ee\/et\/wp-json\/wp\/v2\/product\/8279","targetHints":{"allow":["GET"]}}],"collection":[{"href":"https:\/\/alexanderling.ee\/et\/wp-json\/wp\/v2\/product"}],"about":[{"href":"https:\/\/alexanderling.ee\/et\/wp-json\/wp\/v2\/types\/product"}],"wp:featuredmedia":[{"embeddable":true,"href":"https:\/\/alexanderling.ee\/et\/wp-json\/wp\/v2\/media\/9840"}],"wp:attachment":[{"href":"https:\/\/alexanderling.ee\/et\/wp-json\/wp\/v2\/media?parent=8279"}],"wp:term":[{"taxonomy":"product_brand","embeddable":true,"href":"https:\/\/alexanderling.ee\/et\/wp-json\/wp\/v2\/product_brand?post=8279"},{"taxonomy":"product_cat","embeddable":true,"href":"https:\/\/alexanderling.ee\/et\/wp-json\/wp\/v2\/product_cat?post=8279"},{"taxonomy":"product_tag","embeddable":true,"href":"https:\/\/alexanderling.ee\/et\/wp-json\/wp\/v2\/product_tag?post=8279"}],"curies":[{"name":"wp","href":"https:\/\/api.w.org\/{rel}","templated":true}]}}