{"id":8281,"date":"2024-10-24T15:47:08","date_gmt":"2024-10-24T12:47:08","guid":{"rendered":"https:\/\/alexanderling.ee\/?post_type=product&#038;p=8281"},"modified":"2025-11-07T23:41:48","modified_gmt":"2025-11-07T20:41:48","slug":"skirt-la-carlota","status":"publish","type":"product","link":"https:\/\/alexanderling.ee\/et\/toode\/skirt-la-carlota\/","title":{"rendered":"Seelik LA CARLOTA"},"content":{"rendered":"<p><span data-sheets-root=\"1\">Seelikul on vasakul k\u00fcljel peitlukk-kinnis ja m\u00f5lemal k\u00fcljel taskud.<\/span><\/p>","protected":false},"excerpt":{"rendered":"<p>LA CARLOTA seelik pakub figuuri kaunistavat A-l\u00f5ikelist siluetti mitmek\u00fclgses hallis toonis. Elegantne, kuid samas tagasihoidlik disain v\u00f5imaldab seda kombineerida erinevate toppidega, et luua viimistletud ja naiselik v\u00e4limus.<\/p>\n<p><strong>Stiilinipp:<\/strong> sobita slim-fit rullkaeluse v\u00f5i pluusiga ning saabastega, et saavutada ajatu ja naiselik v\u00e4limus, mis sobib nii p\u00e4evaks kui ka \u00f5htuks.<\/p>\n<p><strong>Istuvus:<\/strong> modell on 179 cm pikk ja kannab suurust 38.<\/p>\n<p>Vastab suurusele.<\/p>","protected":false},"featured_media":9839,"template":"","meta":{"nf_dc_page":""},"product_brand":[],"product_cat":[222,20,125,58,219,27],"product_tag":[],"class_list":{"0":"post-8281","1":"product","2":"type-product","3":"status-publish","4":"has-post-thumbnail","6":"product_cat-grey-a-w-24","7":"product_cat-bottoms","8":"product_cat-collections","9":"product_cat-sale","10":"product_cat-seasonal-elegance","11":"product_cat-skirts","13":"first","14":"instock","15":"sale","16":"taxable","17":"shipping-taxable","18":"purchasable","19":"product-type-variable"},"jetpack_sharing_enabled":true,"_links":{"self":[{"href":"https:\/\/alexanderling.ee\/et\/wp-json\/wp\/v2\/product\/8281","targetHints":{"allow":["GET"]}}],"collection":[{"href":"https:\/\/alexanderling.ee\/et\/wp-json\/wp\/v2\/product"}],"about":[{"href":"https:\/\/alexanderling.ee\/et\/wp-json\/wp\/v2\/types\/product"}],"wp:featuredmedia":[{"embeddable":true,"href":"https:\/\/alexanderling.ee\/et\/wp-json\/wp\/v2\/media\/9839"}],"wp:attachment":[{"href":"https:\/\/alexanderling.ee\/et\/wp-json\/wp\/v2\/media?parent=8281"}],"wp:term":[{"taxonomy":"product_brand","embeddable":true,"href":"https:\/\/alexanderling.ee\/et\/wp-json\/wp\/v2\/product_brand?post=8281"},{"taxonomy":"product_cat","embeddable":true,"href":"https:\/\/alexanderling.ee\/et\/wp-json\/wp\/v2\/product_cat?post=8281"},{"taxonomy":"product_tag","embeddable":true,"href":"https:\/\/alexanderling.ee\/et\/wp-json\/wp\/v2\/product_tag?post=8281"}],"curies":[{"name":"wp","href":"https:\/\/api.w.org\/{rel}","templated":true}]}}