{"id":8283,"date":"2024-10-24T11:28:25","date_gmt":"2024-10-24T08:28:25","guid":{"rendered":"https:\/\/alexanderling.ee\/?post_type=product&#038;p=8283"},"modified":"2025-11-10T16:23:25","modified_gmt":"2025-11-10T13:23:25","slug":"dress-famatina-lavendel","status":"publish","type":"product","link":"https:\/\/alexanderling.ee\/et\/toode\/dress-famatina-lavendel\/","title":{"rendered":"H\u00f5lmikkleit FAMATINA LAVENDEL"},"content":{"rendered":"<p><span data-sheets-root=\"1\">H\u00f5lmikkleit, mille esikinnitus moodustub, kui \u00fcks k\u00fclg keeratakse \u00fcle teise ning kinnitatakse k\u00fcljel kas s\u00f5lme v\u00f5i poolkaarega lipsuna. Kleidil on V-kujuline kaelus.<\/span><\/p>","protected":false},"excerpt":{"rendered":"<p>FAMATINA LAVENDEL on h\u00f5lmikkleit, millel kimono-stiilis l\u00fchikesed varrukad. Talje on r\u00f5hutatud seotava v\u00f6\u00f6ga ja seelikuosa langeb A-l\u00f5ikeliselt, millel all\u00e4\u00e4r kellukal\u00f5ikeline.<\/p>\n<p><strong>Stiilinipp:<\/strong> suvel kanna seda sandaalidega kergeks ja suviseks v\u00e4limuseks, s\u00fcgishooajal lisa mustad sukkp\u00fcksid ja samas toonis kingad, et saavutada stiilne v\u00e4ljan\u00e4gemine kontorisse.<\/p>\n<p><strong>Istuvus:<\/strong> modell on 179 cm pikk ja kannab suurust 38.<\/p>\n<p>Vastab suurusele.<\/p>","protected":false},"featured_media":8330,"template":"","meta":{"nf_dc_page":""},"product_brand":[],"product_cat":[222,125,35,219],"product_tag":[],"class_list":{"0":"post-8283","1":"product","2":"type-product","3":"status-publish","4":"has-post-thumbnail","6":"product_cat-grey-a-w-24","7":"product_cat-collections","8":"product_cat-dresses","9":"product_cat-seasonal-elegance","11":"first","12":"onbackorder","13":"taxable","14":"shipping-taxable","15":"purchasable","16":"product-type-variable"},"jetpack_sharing_enabled":true,"_links":{"self":[{"href":"https:\/\/alexanderling.ee\/et\/wp-json\/wp\/v2\/product\/8283","targetHints":{"allow":["GET"]}}],"collection":[{"href":"https:\/\/alexanderling.ee\/et\/wp-json\/wp\/v2\/product"}],"about":[{"href":"https:\/\/alexanderling.ee\/et\/wp-json\/wp\/v2\/types\/product"}],"wp:featuredmedia":[{"embeddable":true,"href":"https:\/\/alexanderling.ee\/et\/wp-json\/wp\/v2\/media\/8330"}],"wp:attachment":[{"href":"https:\/\/alexanderling.ee\/et\/wp-json\/wp\/v2\/media?parent=8283"}],"wp:term":[{"taxonomy":"product_brand","embeddable":true,"href":"https:\/\/alexanderling.ee\/et\/wp-json\/wp\/v2\/product_brand?post=8283"},{"taxonomy":"product_cat","embeddable":true,"href":"https:\/\/alexanderling.ee\/et\/wp-json\/wp\/v2\/product_cat?post=8283"},{"taxonomy":"product_tag","embeddable":true,"href":"https:\/\/alexanderling.ee\/et\/wp-json\/wp\/v2\/product_tag?post=8283"}],"curies":[{"name":"wp","href":"https:\/\/api.w.org\/{rel}","templated":true}]}}