{"id":8298,"date":"2024-10-24T15:52:05","date_gmt":"2024-10-24T12:52:05","guid":{"rendered":"https:\/\/alexanderling.ee\/?post_type=product&#038;p=8298"},"modified":"2026-02-03T16:50:09","modified_gmt":"2026-02-03T13:50:09","slug":"dress-paro-coral","status":"publish","type":"product","link":"https:\/\/alexanderling.ee\/et\/toode\/dress-paro-coral\/","title":{"rendered":"Kleit PARO CORAL"},"content":{"rendered":"<p><span data-sheets-root=\"1\">Kleidil on elastne v\u00f6\u00f6koht.<\/span><\/p>","protected":false},"excerpt":{"rendered":"<p>Julges toonis PARO kleit koralloran\u017eina paistab silma alt laieneva as\u00fcmmeetrilise seelikuosa disainiga ja mugava kandilise kaelakaare l\u00f5ikega, t\u00e4nu millele saab kleiti h\u00f5lpsasti \u00fcle pea selga panna ja \u00e4ra v\u00f5tta. Selle kleidi erksav\u00e4rviline ja ainulaadne l\u00f5ige loovad kokku pilkup\u00fc\u00fcdva v\u00e4ljan\u00e4gemise.<\/p>\n<p><strong>Stiilinipp:<\/strong> hoia aksessuaarid minimaalsed, et kleit saaks olla t\u00e4helepanu keskmes. Mina soovitan kombineerida kinniste kingadega suvel kontoris kandmiseks ja jahedamate ilmadega lisada pikk kardigan peale.<\/p>\n<p><strong>Istuvus:<\/strong> modell on 179 cm pikk ja kannab suurust 36.<\/p>\n<p>Vastab suurusele.<\/p>","protected":false},"featured_media":8339,"template":"","meta":{"nf_dc_page":""},"product_brand":[],"product_cat":[76,125,35],"product_tag":[],"class_list":{"0":"post-8298","1":"product","2":"type-product","3":"status-publish","4":"has-post-thumbnail","6":"product_cat-basics","7":"product_cat-collections","8":"product_cat-dresses","10":"first","11":"instock","12":"taxable","13":"shipping-taxable","14":"purchasable","15":"product-type-variable"},"jetpack_sharing_enabled":true,"_links":{"self":[{"href":"https:\/\/alexanderling.ee\/et\/wp-json\/wp\/v2\/product\/8298","targetHints":{"allow":["GET"]}}],"collection":[{"href":"https:\/\/alexanderling.ee\/et\/wp-json\/wp\/v2\/product"}],"about":[{"href":"https:\/\/alexanderling.ee\/et\/wp-json\/wp\/v2\/types\/product"}],"wp:featuredmedia":[{"embeddable":true,"href":"https:\/\/alexanderling.ee\/et\/wp-json\/wp\/v2\/media\/8339"}],"wp:attachment":[{"href":"https:\/\/alexanderling.ee\/et\/wp-json\/wp\/v2\/media?parent=8298"}],"wp:term":[{"taxonomy":"product_brand","embeddable":true,"href":"https:\/\/alexanderling.ee\/et\/wp-json\/wp\/v2\/product_brand?post=8298"},{"taxonomy":"product_cat","embeddable":true,"href":"https:\/\/alexanderling.ee\/et\/wp-json\/wp\/v2\/product_cat?post=8298"},{"taxonomy":"product_tag","embeddable":true,"href":"https:\/\/alexanderling.ee\/et\/wp-json\/wp\/v2\/product_tag?post=8298"}],"curies":[{"name":"wp","href":"https:\/\/api.w.org\/{rel}","templated":true}]}}