{"id":8305,"date":"2024-10-24T15:45:28","date_gmt":"2024-10-24T12:45:28","guid":{"rendered":"https:\/\/alexanderling.ee\/?post_type=product&#038;p=8305"},"modified":"2025-11-08T02:20:06","modified_gmt":"2025-11-07T23:20:06","slug":"dress-san-rafael","status":"publish","type":"product","link":"https:\/\/alexanderling.ee\/et\/toode\/dress-san-rafael\/","title":{"rendered":"Evening dress SAN RAFAEL"},"content":{"rendered":"<p>Seljal peitlukk-kinnis. Kleidil saba. L\u00f5plikk all\u00e4\u00e4re pikkus m\u00e4\u00e4ratakse vastajavalt kandja pikkusele ja kingade k\u00f5rgusele.<\/p>","protected":false},"excerpt":{"rendered":"<p>S\u00e4ra kergelt k\u00fc\u00fctlevas SAN RAFAEL metallik maxikleidis. Selle voogav, p\u00f5randani ulatuv siluett, millel pisike saba ja l\u00e4ikiv viimistlus teevad sellest t\u00e4iusliku valiku \u00f5htusteks erilisteks s\u00fcndmusteks.<\/p>\n<p><strong>Stiilinipp:<\/strong> lisa minimalistlikud aksessuaarid ja elegantsed kontsakingad, et lasta metalse s\u00e4raga kleidil olla fookuses. Kui tunned, et sooviksid v\u00f6\u00f6kohta r\u00f5hutada, siis pakume juurde metalliv\u00f6\u00f6d, millega kleit kukub taljesse. \u00c4ra unusta oma pikkuse teada andmist meile, et saaksime all\u00e4\u00e4re pikkuse m\u00e4\u00e4rata Sinu pikkusele sobivaks.<\/p>\n<p><strong>Istuvus:<\/strong> modell on 179 cm pikk ja kannab suurust 38.<\/p>\n<p>Vastab suurusele.<\/p>","protected":false},"featured_media":8326,"template":"","meta":{"nf_dc_page":""},"product_brand":[],"product_cat":[222,125,293,58,219],"product_tag":[],"class_list":{"0":"post-8305","1":"product","2":"type-product","3":"status-publish","4":"has-post-thumbnail","6":"product_cat-grey-a-w-24","7":"product_cat-collections","8":"product_cat-floor-length-dresses","9":"product_cat-sale","10":"product_cat-seasonal-elegance","12":"first","13":"instock","14":"sale","15":"taxable","16":"shipping-taxable","17":"purchasable","18":"product-type-variable"},"jetpack_sharing_enabled":true,"_links":{"self":[{"href":"https:\/\/alexanderling.ee\/et\/wp-json\/wp\/v2\/product\/8305","targetHints":{"allow":["GET"]}}],"collection":[{"href":"https:\/\/alexanderling.ee\/et\/wp-json\/wp\/v2\/product"}],"about":[{"href":"https:\/\/alexanderling.ee\/et\/wp-json\/wp\/v2\/types\/product"}],"wp:featuredmedia":[{"embeddable":true,"href":"https:\/\/alexanderling.ee\/et\/wp-json\/wp\/v2\/media\/8326"}],"wp:attachment":[{"href":"https:\/\/alexanderling.ee\/et\/wp-json\/wp\/v2\/media?parent=8305"}],"wp:term":[{"taxonomy":"product_brand","embeddable":true,"href":"https:\/\/alexanderling.ee\/et\/wp-json\/wp\/v2\/product_brand?post=8305"},{"taxonomy":"product_cat","embeddable":true,"href":"https:\/\/alexanderling.ee\/et\/wp-json\/wp\/v2\/product_cat?post=8305"},{"taxonomy":"product_tag","embeddable":true,"href":"https:\/\/alexanderling.ee\/et\/wp-json\/wp\/v2\/product_tag?post=8305"}],"curies":[{"name":"wp","href":"https:\/\/api.w.org\/{rel}","templated":true}]}}