{"id":8315,"date":"2024-10-24T15:57:57","date_gmt":"2024-10-24T12:57:57","guid":{"rendered":"https:\/\/alexanderling.ee\/?post_type=product&#038;p=8315"},"modified":"2025-10-25T20:03:24","modified_gmt":"2025-10-25T17:03:24","slug":"jacket-chilecito","status":"publish","type":"product","link":"https:\/\/alexanderling.ee\/et\/toode\/jacket-chilecito\/","title":{"rendered":"Jope CHILECITO"},"content":{"rendered":"<p>Jakil on kaks esitaskut ja diagonaalselt kinniminev metallist lukk-kinnis.<\/p>","protected":false},"excerpt":{"rendered":"<p>CHILECITO must tepitud jakk on stiilne ja mitmek\u00fclgne s\u00fcgisetalvisesse hooaega sobiv ese, mis hoiab soojas, s\u00e4ilitades samas modernse ilme. Kergelt diagonaalne lukk k\u00fcljejoonel teeb esiosa eriti soojaks, et kinni kandes on esiosa topeltpaksune.<\/p>\n<p><strong>Stiilinipp:<\/strong> kanna CHILECITO jakki lahtisena soojemate s\u00fcgisilmadega, et saavutada kerge vabaaja v\u00e4ljan\u00e4gemine . Miinuskraadidega kanna jopelukk \u00fclesse kinni t\u00f5mmatuna ja krae \u00fclesse t\u00f5mmatuna, et ka kael oleks soojas peidus.<\/p>\n<p><strong>Istuvus:<\/strong> modell on 179 cm pikk ja kannab suurust 38.<\/p>\n<p>Vastab suurusele.<\/p>","protected":false},"featured_media":9835,"template":"","meta":{"nf_dc_page":""},"product_brand":[],"product_cat":[222,164,125,23,219],"product_tag":[],"class_list":{"0":"post-8315","1":"product","2":"type-product","3":"status-publish","4":"has-post-thumbnail","6":"product_cat-grey-a-w-24","7":"product_cat-coats-jackets","8":"product_cat-collections","9":"product_cat-outerwear","10":"product_cat-seasonal-elegance","12":"first","13":"instock","14":"taxable","15":"shipping-taxable","16":"purchasable","17":"product-type-variable"},"jetpack_sharing_enabled":true,"_links":{"self":[{"href":"https:\/\/alexanderling.ee\/et\/wp-json\/wp\/v2\/product\/8315","targetHints":{"allow":["GET"]}}],"collection":[{"href":"https:\/\/alexanderling.ee\/et\/wp-json\/wp\/v2\/product"}],"about":[{"href":"https:\/\/alexanderling.ee\/et\/wp-json\/wp\/v2\/types\/product"}],"wp:featuredmedia":[{"embeddable":true,"href":"https:\/\/alexanderling.ee\/et\/wp-json\/wp\/v2\/media\/9835"}],"wp:attachment":[{"href":"https:\/\/alexanderling.ee\/et\/wp-json\/wp\/v2\/media?parent=8315"}],"wp:term":[{"taxonomy":"product_brand","embeddable":true,"href":"https:\/\/alexanderling.ee\/et\/wp-json\/wp\/v2\/product_brand?post=8315"},{"taxonomy":"product_cat","embeddable":true,"href":"https:\/\/alexanderling.ee\/et\/wp-json\/wp\/v2\/product_cat?post=8315"},{"taxonomy":"product_tag","embeddable":true,"href":"https:\/\/alexanderling.ee\/et\/wp-json\/wp\/v2\/product_tag?post=8315"}],"curies":[{"name":"wp","href":"https:\/\/api.w.org\/{rel}","templated":true}]}}