{"id":8320,"date":"2024-10-24T16:06:10","date_gmt":"2024-10-24T13:06:10","guid":{"rendered":"https:\/\/alexanderling.ee\/?post_type=product&#038;p=8320"},"modified":"2025-08-21T15:04:56","modified_gmt":"2025-08-21T12:04:56","slug":"wool-coat-rosario","status":"publish","type":"product","link":"https:\/\/alexanderling.ee\/et\/toode\/wool-coat-rosario\/","title":{"rendered":"Villamantel ROSARIO"},"content":{"rendered":"<p>Mantlil on trukkkinnis ja kaks esitaskut.<\/p>","protected":false},"excerpt":{"rendered":"<p>ROSARIO mantel on valmistatud luksuslikust boucle-villast ja toob sinu \u00fcleriiete kollektsiooni nii tekstuuri kui ka elegantsi. Viimistletud l\u00f5ige ja julge lilla toon loovad pilkup\u00fc\u00fcdva, kuid samas sooja ja mugava mantli.<\/p>\n<p><strong>Stiilinipp:<\/strong> kanna monokroomse outfit\u2019i peal, et lisada v\u00e4limusele v\u00e4rvikas aktsent, v\u00f5i sobita viigip\u00fckste ja pahkluu saabastega, et saavutada elegantne ja tekstuurne ilme.<\/p>\n<p><strong>Istuvus:<\/strong> modell on 179 cm pikk ja kannab suurust 36.<\/p>\n<p>Vastab suurusele.<\/p>","protected":false},"featured_media":8405,"template":"","meta":{"nf_dc_page":""},"product_brand":[],"product_cat":[222,164,125,23,219],"product_tag":[],"class_list":{"0":"post-8320","1":"product","2":"type-product","3":"status-publish","4":"has-post-thumbnail","6":"product_cat-grey-a-w-24","7":"product_cat-coats-jackets","8":"product_cat-collections","9":"product_cat-outerwear","10":"product_cat-seasonal-elegance","12":"first","13":"instock","14":"taxable","15":"shipping-taxable","16":"purchasable","17":"product-type-variable"},"jetpack_sharing_enabled":true,"_links":{"self":[{"href":"https:\/\/alexanderling.ee\/et\/wp-json\/wp\/v2\/product\/8320","targetHints":{"allow":["GET"]}}],"collection":[{"href":"https:\/\/alexanderling.ee\/et\/wp-json\/wp\/v2\/product"}],"about":[{"href":"https:\/\/alexanderling.ee\/et\/wp-json\/wp\/v2\/types\/product"}],"wp:featuredmedia":[{"embeddable":true,"href":"https:\/\/alexanderling.ee\/et\/wp-json\/wp\/v2\/media\/8405"}],"wp:attachment":[{"href":"https:\/\/alexanderling.ee\/et\/wp-json\/wp\/v2\/media?parent=8320"}],"wp:term":[{"taxonomy":"product_brand","embeddable":true,"href":"https:\/\/alexanderling.ee\/et\/wp-json\/wp\/v2\/product_brand?post=8320"},{"taxonomy":"product_cat","embeddable":true,"href":"https:\/\/alexanderling.ee\/et\/wp-json\/wp\/v2\/product_cat?post=8320"},{"taxonomy":"product_tag","embeddable":true,"href":"https:\/\/alexanderling.ee\/et\/wp-json\/wp\/v2\/product_tag?post=8320"}],"curies":[{"name":"wp","href":"https:\/\/api.w.org\/{rel}","templated":true}]}}