{"id":8337,"date":"2024-10-24T16:10:26","date_gmt":"2024-10-24T13:10:26","guid":{"rendered":"https:\/\/alexanderling.ee\/?post_type=product&#038;p=8337"},"modified":"2025-11-08T02:39:35","modified_gmt":"2025-11-07T23:39:35","slug":"jumper-valle-daza","status":"publish","type":"product","link":"https:\/\/alexanderling.ee\/et\/toode\/jumper-valle-daza\/","title":{"rendered":"Pluus VALLE DAZA"},"content":{"rendered":"<p>Pluusil on mansettidel soonikdetailid.<\/p>","protected":false},"excerpt":{"rendered":"<p>VALLE DAZA tumesinine pluus pehmest jersey-kangast ja kerge s\u00e4delusega. See mitmek\u00fclgne ese lisab elegantsi nii igap\u00e4evasele kui ka pidulikule riietusele.<\/p>\n<p><strong>Stiilinipp:<\/strong> kombineeri VALLE DAZA pluus samast sarjast VISTO DO MAR pliaatsseelikuga, et luua elegantne kooslus. Rihmikud ja minimalistlikud ehted t\u00e4iustavad selle muidu vabaajakomplekti v\u00e4ga kaunilt ka \u00f5htul kantavaks r\u00f5ivastuseks.<\/p>\n<p><strong>Istuvus:<\/strong> modell on 179 cm pikk ja kannab suurust 38.<\/p>\n<p>Istub kehasse vabalt.<\/p>","protected":false},"featured_media":9829,"template":"","meta":{"nf_dc_page":""},"product_brand":[],"product_cat":[222,125,160,58,219],"product_tag":[],"class_list":{"0":"post-8337","1":"product","2":"type-product","3":"status-publish","4":"has-post-thumbnail","6":"product_cat-grey-a-w-24","7":"product_cat-collections","8":"product_cat-jumpers-bombers","9":"product_cat-sale","10":"product_cat-seasonal-elegance","12":"first","13":"instock","14":"sale","15":"taxable","16":"shipping-taxable","17":"purchasable","18":"product-type-variable"},"jetpack_sharing_enabled":true,"_links":{"self":[{"href":"https:\/\/alexanderling.ee\/et\/wp-json\/wp\/v2\/product\/8337","targetHints":{"allow":["GET"]}}],"collection":[{"href":"https:\/\/alexanderling.ee\/et\/wp-json\/wp\/v2\/product"}],"about":[{"href":"https:\/\/alexanderling.ee\/et\/wp-json\/wp\/v2\/types\/product"}],"wp:featuredmedia":[{"embeddable":true,"href":"https:\/\/alexanderling.ee\/et\/wp-json\/wp\/v2\/media\/9829"}],"wp:attachment":[{"href":"https:\/\/alexanderling.ee\/et\/wp-json\/wp\/v2\/media?parent=8337"}],"wp:term":[{"taxonomy":"product_brand","embeddable":true,"href":"https:\/\/alexanderling.ee\/et\/wp-json\/wp\/v2\/product_brand?post=8337"},{"taxonomy":"product_cat","embeddable":true,"href":"https:\/\/alexanderling.ee\/et\/wp-json\/wp\/v2\/product_cat?post=8337"},{"taxonomy":"product_tag","embeddable":true,"href":"https:\/\/alexanderling.ee\/et\/wp-json\/wp\/v2\/product_tag?post=8337"}],"curies":[{"name":"wp","href":"https:\/\/api.w.org\/{rel}","templated":true}]}}