{"id":8383,"date":"2024-10-24T16:08:11","date_gmt":"2024-10-24T13:08:11","guid":{"rendered":"https:\/\/alexanderling.ee\/?post_type=product&#038;p=8383"},"modified":"2025-11-10T16:26:13","modified_gmt":"2025-11-10T13:26:13","slug":"dress-dhakaette-blue","status":"publish","type":"product","link":"https:\/\/alexanderling.ee\/et\/toode\/dress-dhakaette-blue\/","title":{"rendered":"Kleit DHAKAETTE BLUE"},"content":{"rendered":"<p>\u00dchte \u00f5lga kattev kleit puhvvarrukaga ning elastse v\u00f6\u00f6kohaga.<\/p>","protected":false},"excerpt":{"rendered":"<p>DHAKAETTE BLUE as\u00fcmmeetriline \u00fche \u00f5laga kleit on \u00f5htuste s\u00fcndmuste t\u00f5eline p\u00e4rl. Kleit on \u00fche varruka ning r\u00f5hutatud taljejoonega. Taljeosa on elastne ja \u00f5lapiirkond kaunilt kroogitud. \u00dclaosa langeb \u00f5rnalt taljeni, samal ajal kui diagonaalselt l\u00f5igatud seelikuosa langeb puusadele, justkui neid \u00f5rnalt embades.<\/p>\n<p><strong>Stiilinipp:<\/strong> kanna DHAKAETTE'i kleiti metallv\u00f6\u00f6ga, et naiselik siluett oleks veelgi r\u00f5hutatum. K\u00fcsi v\u00f6\u00f6d meilt!<\/p>\n<p><strong>Istuvus:<\/strong> modell on 179 cm pikk ja kannab suurust 36.<\/p>\n<p>Vastab suurusele.<\/p>","protected":false},"featured_media":8346,"template":"","meta":{"nf_dc_page":""},"product_brand":[],"product_cat":[278,35,58],"product_tag":[],"class_list":{"0":"post-8383","1":"product","2":"type-product","3":"status-publish","4":"has-post-thumbnail","6":"product_cat-dhaka-dresses","7":"product_cat-dresses","8":"product_cat-sale","10":"first","11":"instock","12":"sale","13":"taxable","14":"shipping-taxable","15":"purchasable","16":"product-type-variable"},"jetpack_sharing_enabled":true,"_links":{"self":[{"href":"https:\/\/alexanderling.ee\/et\/wp-json\/wp\/v2\/product\/8383","targetHints":{"allow":["GET"]}}],"collection":[{"href":"https:\/\/alexanderling.ee\/et\/wp-json\/wp\/v2\/product"}],"about":[{"href":"https:\/\/alexanderling.ee\/et\/wp-json\/wp\/v2\/types\/product"}],"wp:featuredmedia":[{"embeddable":true,"href":"https:\/\/alexanderling.ee\/et\/wp-json\/wp\/v2\/media\/8346"}],"wp:attachment":[{"href":"https:\/\/alexanderling.ee\/et\/wp-json\/wp\/v2\/media?parent=8383"}],"wp:term":[{"taxonomy":"product_brand","embeddable":true,"href":"https:\/\/alexanderling.ee\/et\/wp-json\/wp\/v2\/product_brand?post=8383"},{"taxonomy":"product_cat","embeddable":true,"href":"https:\/\/alexanderling.ee\/et\/wp-json\/wp\/v2\/product_cat?post=8383"},{"taxonomy":"product_tag","embeddable":true,"href":"https:\/\/alexanderling.ee\/et\/wp-json\/wp\/v2\/product_tag?post=8383"}],"curies":[{"name":"wp","href":"https:\/\/api.w.org\/{rel}","templated":true}]}}