{"id":8394,"date":"2024-10-24T16:06:51","date_gmt":"2024-10-24T13:06:51","guid":{"rendered":"https:\/\/alexanderling.ee\/?post_type=product&#038;p=8394"},"modified":"2025-09-23T13:56:38","modified_gmt":"2025-09-23T10:56:38","slug":"trousers-ellorio","status":"publish","type":"product","link":"https:\/\/alexanderling.ee\/et\/toode\/trousers-ellorio\/","title":{"rendered":"Trousers ELORRIO"},"content":{"rendered":"<p>Sirgelt kukkuvad pitsip\u00fcksid lycra voodril, millel taljes kumm. All\u00e4\u00e4res borde detail.<\/p>","protected":false},"excerpt":{"rendered":"<p>Sirgelt kukkuvad ELORRIO p\u00fcksid on trikoloorsetes toonides: ploomililla, lavendlililla ja valge. P\u00fckste pitsil olev laineline muster p\u00f5imub disaini \u00fchelt poolt vintaa\u017eitunnetust, teiselt poolt n\u00fc\u00fcdisaegsust. Pits on kergelt faktuurne, mida t\u00e4iendab hallikas-bee\u017e lycra vooder.<\/p>\n<p><strong>Stiilinipp:<\/strong>sobita need pitsip\u00fcksid h\u00f5lmikpluusi RAFINAga, mis on valmistatud samast kangast. \u00c4ra unusta oma pikkuse teada andmist meile, et saaksime all\u00e4\u00e4re pikkuse m\u00e4\u00e4rata Sinu pikkusele sobivaks.<\/p>\n<p><strong>Istuvus:<\/strong> modell on 179 cm pikk ja kannab suurust 36.<\/p>\n<p>Vastab suurusele.<\/p>","protected":false},"featured_media":9897,"template":"","meta":{"nf_dc_page":""},"product_brand":[],"product_cat":[20,28],"product_tag":[],"class_list":{"0":"post-8394","1":"product","2":"type-product","3":"status-publish","4":"has-post-thumbnail","6":"product_cat-bottoms","7":"product_cat-trousers","9":"first","10":"instock","11":"taxable","12":"shipping-taxable","13":"product-type-variable"},"jetpack_sharing_enabled":true,"_links":{"self":[{"href":"https:\/\/alexanderling.ee\/et\/wp-json\/wp\/v2\/product\/8394","targetHints":{"allow":["GET"]}}],"collection":[{"href":"https:\/\/alexanderling.ee\/et\/wp-json\/wp\/v2\/product"}],"about":[{"href":"https:\/\/alexanderling.ee\/et\/wp-json\/wp\/v2\/types\/product"}],"wp:featuredmedia":[{"embeddable":true,"href":"https:\/\/alexanderling.ee\/et\/wp-json\/wp\/v2\/media\/9897"}],"wp:attachment":[{"href":"https:\/\/alexanderling.ee\/et\/wp-json\/wp\/v2\/media?parent=8394"}],"wp:term":[{"taxonomy":"product_brand","embeddable":true,"href":"https:\/\/alexanderling.ee\/et\/wp-json\/wp\/v2\/product_brand?post=8394"},{"taxonomy":"product_cat","embeddable":true,"href":"https:\/\/alexanderling.ee\/et\/wp-json\/wp\/v2\/product_cat?post=8394"},{"taxonomy":"product_tag","embeddable":true,"href":"https:\/\/alexanderling.ee\/et\/wp-json\/wp\/v2\/product_tag?post=8394"}],"curies":[{"name":"wp","href":"https:\/\/api.w.org\/{rel}","templated":true}]}}