{"id":8549,"date":"2025-01-08T14:43:12","date_gmt":"2025-01-08T11:43:12","guid":{"rendered":"https:\/\/alexanderling.ee\/?post_type=product&#038;p=8549"},"modified":"2025-12-05T11:14:42","modified_gmt":"2025-12-05T08:14:42","slug":"boucle-wool-coat-with-quilted-waist-coat-totoras","status":"publish","type":"product","link":"https:\/\/alexanderling.ee\/et\/toode\/boucle-wool-coat-with-quilted-waist-coat-totoras\/","title":{"rendered":"Bukleevillane mantel tepitud vestiga TOTORAS"},"content":{"rendered":"<p class=\"p1\">Mantlil on neli musta trukk-kinnitust esik\u00fcljel ning kaks taskut ja v\u00f6\u00f6. Tepitud vestil on metallist t\u00f5mblukk esikinniseks ja k\u00f5rge kaeluse detail.<\/p>","protected":false},"excerpt":{"rendered":"<p class=\"p1\">Pehme r\u00e4tsepat\u00f6\u00f6 lisab Boucl\u00e9 villamantlile peenetundelist elegantsi. See on disainer Anu Lingi \u00fcks lemmikuid s\u00fcgishooajaks ning on hoolikalt valmistatud tekstuursest boucl\u00e9-tviidist minimalistlikus mustas toonis. L\u00f5iketa langev siluett loob l\u00f5\u00f5gastunud ilme, samas kui sobiv v\u00f6\u00f6 v\u00f5imaldab figuuri rohkem r\u00f5hutada. Viimistletud disainielementide hulka kuuluvad esiliistu detail koos trukk-kinnitustega ning peen tikkimisviimistlus krael, rev\u00e4\u00e4ril ja esitaskutel.<\/p>\n<p class=\"p1\">Mantli all on eraldi khakiroheline tepitud vest, mis lisab soojust.<\/p>\n<p class=\"p1\"><strong>Stiilinipp:<\/strong> kanna mantlit koos mugavate p\u00fckste ja kampsuniga, et luua igap\u00e4evane talvine v\u00e4limus.<\/p>\n<p class=\"p1\"><strong>Istuvus:<\/strong> modell on 175 cm pikk ja kannab suurust 36.<\/p>\n<p class=\"p1\">Vastab suurusele.<\/p>","protected":false},"featured_media":9618,"template":"","meta":{"nf_dc_page":""},"product_brand":[],"product_cat":[222,164,23],"product_tag":[],"class_list":{"0":"post-8549","1":"product","2":"type-product","3":"status-publish","4":"has-post-thumbnail","6":"product_cat-grey-a-w-24","7":"product_cat-coats-jackets","8":"product_cat-outerwear","10":"first","11":"onbackorder","12":"taxable","13":"shipping-taxable","14":"purchasable","15":"product-type-variable"},"jetpack_sharing_enabled":true,"_links":{"self":[{"href":"https:\/\/alexanderling.ee\/et\/wp-json\/wp\/v2\/product\/8549","targetHints":{"allow":["GET"]}}],"collection":[{"href":"https:\/\/alexanderling.ee\/et\/wp-json\/wp\/v2\/product"}],"about":[{"href":"https:\/\/alexanderling.ee\/et\/wp-json\/wp\/v2\/types\/product"}],"wp:featuredmedia":[{"embeddable":true,"href":"https:\/\/alexanderling.ee\/et\/wp-json\/wp\/v2\/media\/9618"}],"wp:attachment":[{"href":"https:\/\/alexanderling.ee\/et\/wp-json\/wp\/v2\/media?parent=8549"}],"wp:term":[{"taxonomy":"product_brand","embeddable":true,"href":"https:\/\/alexanderling.ee\/et\/wp-json\/wp\/v2\/product_brand?post=8549"},{"taxonomy":"product_cat","embeddable":true,"href":"https:\/\/alexanderling.ee\/et\/wp-json\/wp\/v2\/product_cat?post=8549"},{"taxonomy":"product_tag","embeddable":true,"href":"https:\/\/alexanderling.ee\/et\/wp-json\/wp\/v2\/product_tag?post=8549"}],"curies":[{"name":"wp","href":"https:\/\/api.w.org\/{rel}","templated":true}]}}