{"id":8565,"date":"2025-01-13T14:33:56","date_gmt":"2025-01-13T11:33:56","guid":{"rendered":"https:\/\/alexanderling.ee\/?post_type=product&#038;p=8565"},"modified":"2025-11-08T02:49:34","modified_gmt":"2025-11-07T23:49:34","slug":"jacket-chacabuco-jersey","status":"publish","type":"product","link":"https:\/\/alexanderling.ee\/et\/toode\/jacket-chacabuco-jersey\/","title":{"rendered":"Tepitud jakk CHACABUCO JERSEY"},"content":{"rendered":"<p>Jakil on kaks esitaskut, kapuuts ja ees metallist lukk-kinnis.<\/p>","protected":false},"excerpt":{"rendered":"<p>CHACABUCO JERSEY jakk \u00fchendab praktilise soojuse ja silmapaistva stiili, pakkudes julget lillat tooni, tepitud kehaosa ning jersey-kangast kapuutsi. Ideaalne jahedamateks ilmadeks, pakkudes mugavust ilma stiilist loobumata.<\/p>\n<p><strong>Stiilinipp:<\/strong> kanna seda julget jopet n\u00e4dalavahetuse r\u00f5ivastusena n\u00e4iteks mustad.<\/p>\n<p><strong>Istuvus:<\/strong> the model is 175 cm and wearing size 40.<\/p>\n<p>Vastab suurusele.<\/p>","protected":false},"featured_media":9828,"template":"","meta":{"nf_dc_page":""},"product_brand":[],"product_cat":[222,164,23,58],"product_tag":[],"class_list":{"0":"post-8565","1":"product","2":"type-product","3":"status-publish","4":"has-post-thumbnail","6":"product_cat-grey-a-w-24","7":"product_cat-coats-jackets","8":"product_cat-outerwear","9":"product_cat-sale","11":"first","12":"instock","13":"sale","14":"taxable","15":"shipping-taxable","16":"purchasable","17":"product-type-variable"},"jetpack_sharing_enabled":true,"_links":{"self":[{"href":"https:\/\/alexanderling.ee\/et\/wp-json\/wp\/v2\/product\/8565","targetHints":{"allow":["GET"]}}],"collection":[{"href":"https:\/\/alexanderling.ee\/et\/wp-json\/wp\/v2\/product"}],"about":[{"href":"https:\/\/alexanderling.ee\/et\/wp-json\/wp\/v2\/types\/product"}],"wp:featuredmedia":[{"embeddable":true,"href":"https:\/\/alexanderling.ee\/et\/wp-json\/wp\/v2\/media\/9828"}],"wp:attachment":[{"href":"https:\/\/alexanderling.ee\/et\/wp-json\/wp\/v2\/media?parent=8565"}],"wp:term":[{"taxonomy":"product_brand","embeddable":true,"href":"https:\/\/alexanderling.ee\/et\/wp-json\/wp\/v2\/product_brand?post=8565"},{"taxonomy":"product_cat","embeddable":true,"href":"https:\/\/alexanderling.ee\/et\/wp-json\/wp\/v2\/product_cat?post=8565"},{"taxonomy":"product_tag","embeddable":true,"href":"https:\/\/alexanderling.ee\/et\/wp-json\/wp\/v2\/product_tag?post=8565"}],"curies":[{"name":"wp","href":"https:\/\/api.w.org\/{rel}","templated":true}]}}