{"id":8616,"date":"2025-01-21T13:15:26","date_gmt":"2025-01-21T10:15:26","guid":{"rendered":"https:\/\/alexanderling.ee\/?post_type=product&#038;p=8616"},"modified":"2026-02-03T16:45:15","modified_gmt":"2026-02-03T13:45:15","slug":"dress-famatina-barbie-pink","status":"publish","type":"product","link":"https:\/\/alexanderling.ee\/et\/toode\/dress-famatina-barbie-pink\/","title":{"rendered":"Kleit FAMATINA BARBIE PINK"},"content":{"rendered":"<p><span data-sheets-root=\"1\">H\u00f5lmikkleit, mille esikinnitus moodustub, kui \u00fcks k\u00fclg keeratakse \u00fcle teise ning kinnitatakse k\u00fcljel kas s\u00f5lme v\u00f5i poolkaarega lipsuna. Kleidil on V-kujuline kaelus.<\/span><\/p>","protected":false},"excerpt":{"rendered":"<p>FAMATINA BARBIE PINK h\u00f5lmikkleit on ajatult elegantne garderoobi p\u00f5hielement, mille figuuri r\u00f5hutav h\u00f5lmikl\u00f5ige toob talje esile. See kleit sobib ideaalselt nii p\u00e4evaseks kui \u00f5htuseks kandmiseks, lisades igale s\u00fcndmusele pingutuseta elegantsi.<\/p>\n<p><strong>Stiilinipp:<\/strong> kombineeri kleit sandaalidega. Hoia \u00fcldmulje lihtne ja elegantne, et drapeeritud l\u00f5ige saaks esile t\u00f5usta. Mugavuse t\u00f5stmiseks kanna kleiti hoopis valgete tennistega.<\/p>\n<p><strong>Istuvus:<\/strong> the mannequin is 175 cm and wearing size 36.<\/p>\n<p>Vastab suurusele.<\/p>","protected":false},"featured_media":10711,"template":"","meta":{"nf_dc_page":""},"product_brand":[],"product_cat":[76,35,346,58],"product_tag":[],"class_list":{"0":"post-8616","1":"product","2":"type-product","3":"status-publish","4":"has-post-thumbnail","6":"product_cat-basics","7":"product_cat-dresses","8":"product_cat-new","9":"product_cat-sale","11":"first","12":"instock","13":"sale","14":"taxable","15":"shipping-taxable","16":"purchasable","17":"product-type-variable"},"jetpack_sharing_enabled":true,"_links":{"self":[{"href":"https:\/\/alexanderling.ee\/et\/wp-json\/wp\/v2\/product\/8616","targetHints":{"allow":["GET"]}}],"collection":[{"href":"https:\/\/alexanderling.ee\/et\/wp-json\/wp\/v2\/product"}],"about":[{"href":"https:\/\/alexanderling.ee\/et\/wp-json\/wp\/v2\/types\/product"}],"wp:featuredmedia":[{"embeddable":true,"href":"https:\/\/alexanderling.ee\/et\/wp-json\/wp\/v2\/media\/10711"}],"wp:attachment":[{"href":"https:\/\/alexanderling.ee\/et\/wp-json\/wp\/v2\/media?parent=8616"}],"wp:term":[{"taxonomy":"product_brand","embeddable":true,"href":"https:\/\/alexanderling.ee\/et\/wp-json\/wp\/v2\/product_brand?post=8616"},{"taxonomy":"product_cat","embeddable":true,"href":"https:\/\/alexanderling.ee\/et\/wp-json\/wp\/v2\/product_cat?post=8616"},{"taxonomy":"product_tag","embeddable":true,"href":"https:\/\/alexanderling.ee\/et\/wp-json\/wp\/v2\/product_tag?post=8616"}],"curies":[{"name":"wp","href":"https:\/\/api.w.org\/{rel}","templated":true}]}}