{"id":8657,"date":"2025-01-24T12:43:23","date_gmt":"2025-01-24T09:43:23","guid":{"rendered":"https:\/\/alexanderling.ee\/?post_type=product&#038;p=8657"},"modified":"2025-02-25T23:55:44","modified_gmt":"2025-02-25T20:55:44","slug":"wool-scarf-ica","status":"publish","type":"product","link":"https:\/\/alexanderling.ee\/et\/toode\/wool-scarf-ica\/","title":{"rendered":"Wool scarf ICA"},"content":{"rendered":"<p>Kerge kahepoolne unisex sall logoga, 100% villa.<\/p>","protected":false},"excerpt":{"rendered":"<p>Sall on kootud 100% villast ja narmadetailid on p\u00f5imitud otstesse k\u00e4sitsi. Tumesinine, sinise ja pruuni tooniga moodustunud ruudumuster on unisex ja sobib kandmiseks nii kaela \u00fcmber kui ka lahtiselt \u00f5lgadele asetatuna mantli peal.<\/p>","protected":false},"featured_media":8663,"template":"","meta":{"nf_dc_page":""},"product_brand":[],"product_cat":[22,161],"product_tag":[],"class_list":{"0":"post-8657","1":"product","2":"type-product","3":"status-publish","4":"has-post-thumbnail","6":"product_cat-accessories","7":"product_cat-other","9":"first","10":"instock","11":"sale","12":"taxable","13":"shipping-taxable","14":"purchasable","15":"product-type-simple"},"jetpack_sharing_enabled":true,"_links":{"self":[{"href":"https:\/\/alexanderling.ee\/et\/wp-json\/wp\/v2\/product\/8657","targetHints":{"allow":["GET"]}}],"collection":[{"href":"https:\/\/alexanderling.ee\/et\/wp-json\/wp\/v2\/product"}],"about":[{"href":"https:\/\/alexanderling.ee\/et\/wp-json\/wp\/v2\/types\/product"}],"wp:featuredmedia":[{"embeddable":true,"href":"https:\/\/alexanderling.ee\/et\/wp-json\/wp\/v2\/media\/8663"}],"wp:attachment":[{"href":"https:\/\/alexanderling.ee\/et\/wp-json\/wp\/v2\/media?parent=8657"}],"wp:term":[{"taxonomy":"product_brand","embeddable":true,"href":"https:\/\/alexanderling.ee\/et\/wp-json\/wp\/v2\/product_brand?post=8657"},{"taxonomy":"product_cat","embeddable":true,"href":"https:\/\/alexanderling.ee\/et\/wp-json\/wp\/v2\/product_cat?post=8657"},{"taxonomy":"product_tag","embeddable":true,"href":"https:\/\/alexanderling.ee\/et\/wp-json\/wp\/v2\/product_tag?post=8657"}],"curies":[{"name":"wp","href":"https:\/\/api.w.org\/{rel}","templated":true}]}}