{"id":8658,"date":"2025-01-24T12:43:20","date_gmt":"2025-01-24T09:43:20","guid":{"rendered":"https:\/\/alexanderling.ee\/?post_type=product&#038;p=8658"},"modified":"2025-02-25T23:55:54","modified_gmt":"2025-02-25T20:55:54","slug":"wool-scarf-ilo","status":"publish","type":"product","link":"https:\/\/alexanderling.ee\/et\/toode\/wool-scarf-ilo\/","title":{"rendered":"Wool scarf ILO"},"content":{"rendered":"<p><span data-sheets-root=\"1\">Kahepoolne unisex villane sall metallist reljeefse logoga.<\/span><\/p>","protected":false},"excerpt":{"rendered":"<p><span data-sheets-root=\"1\">100% siidist pael-kaelakee on valmistatud Eesti Moekunstnike \u00dchenduse 2024. aasta n\u00e4ituse . S\u00fcgavpruun toon lisab soojust ja s\u00fcgavust, muutes selle mitmek\u00fclgseks aksessuaariks nii pidulike kui ka igap\u00e4evaste outfit'ide jaoks.<\/span><\/p>","protected":false},"featured_media":8662,"template":"","meta":{"nf_dc_page":""},"product_brand":[],"product_cat":[22,161],"product_tag":[],"class_list":{"0":"post-8658","1":"product","2":"type-product","3":"status-publish","4":"has-post-thumbnail","6":"product_cat-accessories","7":"product_cat-other","9":"first","10":"instock","11":"sale","12":"taxable","13":"shipping-taxable","14":"purchasable","15":"product-type-simple"},"jetpack_sharing_enabled":true,"_links":{"self":[{"href":"https:\/\/alexanderling.ee\/et\/wp-json\/wp\/v2\/product\/8658","targetHints":{"allow":["GET"]}}],"collection":[{"href":"https:\/\/alexanderling.ee\/et\/wp-json\/wp\/v2\/product"}],"about":[{"href":"https:\/\/alexanderling.ee\/et\/wp-json\/wp\/v2\/types\/product"}],"wp:featuredmedia":[{"embeddable":true,"href":"https:\/\/alexanderling.ee\/et\/wp-json\/wp\/v2\/media\/8662"}],"wp:attachment":[{"href":"https:\/\/alexanderling.ee\/et\/wp-json\/wp\/v2\/media?parent=8658"}],"wp:term":[{"taxonomy":"product_brand","embeddable":true,"href":"https:\/\/alexanderling.ee\/et\/wp-json\/wp\/v2\/product_brand?post=8658"},{"taxonomy":"product_cat","embeddable":true,"href":"https:\/\/alexanderling.ee\/et\/wp-json\/wp\/v2\/product_cat?post=8658"},{"taxonomy":"product_tag","embeddable":true,"href":"https:\/\/alexanderling.ee\/et\/wp-json\/wp\/v2\/product_tag?post=8658"}],"curies":[{"name":"wp","href":"https:\/\/api.w.org\/{rel}","templated":true}]}}