{"id":8670,"date":"2025-01-30T15:14:08","date_gmt":"2025-01-30T12:14:08","guid":{"rendered":"https:\/\/alexanderling.ee\/?post_type=product&#038;p=8670"},"modified":"2025-02-25T20:28:01","modified_gmt":"2025-02-25T17:28:01","slug":"necklace-maras","status":"publish","type":"product","link":"https:\/\/alexanderling.ee\/et\/toode\/necklace-maras\/","title":{"rendered":"Necklace MARAS"},"content":{"rendered":"<p><span data-sheets-root=\"1\">K\u00e4sitsi valmistatud siidist lillekaelakee litrihelmestega. Pakitud musta Alexanderling logoga organzakotti.<\/span><\/p>","protected":false},"excerpt":{"rendered":"<p><span data-sheets-root=\"1\">100% siidist pael-kaelakee on valmistatud Eesti Moekunstnike \u00dchenduse 2024. aasta n\u00e4ituse tarbeks. \u00dckshaaval valmistatud siidist kroonlehed moodustavad anemooni\u00f5ie. S\u00fcgavpruunile toonile lisab helki s\u00fcdamikku kinnitatud litrihelmed.<\/span><\/p>","protected":false},"featured_media":8656,"template":"","meta":{"nf_dc_page":""},"product_brand":[],"product_cat":[159,32],"product_tag":[],"class_list":{"0":"post-8670","1":"product","2":"type-product","3":"status-publish","4":"has-post-thumbnail","6":"product_cat-jewellery","7":"product_cat-necklaces","9":"first","10":"instock","11":"taxable","12":"shipping-taxable","13":"purchasable","14":"product-type-variable"},"jetpack_sharing_enabled":true,"_links":{"self":[{"href":"https:\/\/alexanderling.ee\/et\/wp-json\/wp\/v2\/product\/8670","targetHints":{"allow":["GET"]}}],"collection":[{"href":"https:\/\/alexanderling.ee\/et\/wp-json\/wp\/v2\/product"}],"about":[{"href":"https:\/\/alexanderling.ee\/et\/wp-json\/wp\/v2\/types\/product"}],"wp:featuredmedia":[{"embeddable":true,"href":"https:\/\/alexanderling.ee\/et\/wp-json\/wp\/v2\/media\/8656"}],"wp:attachment":[{"href":"https:\/\/alexanderling.ee\/et\/wp-json\/wp\/v2\/media?parent=8670"}],"wp:term":[{"taxonomy":"product_brand","embeddable":true,"href":"https:\/\/alexanderling.ee\/et\/wp-json\/wp\/v2\/product_brand?post=8670"},{"taxonomy":"product_cat","embeddable":true,"href":"https:\/\/alexanderling.ee\/et\/wp-json\/wp\/v2\/product_cat?post=8670"},{"taxonomy":"product_tag","embeddable":true,"href":"https:\/\/alexanderling.ee\/et\/wp-json\/wp\/v2\/product_tag?post=8670"}],"curies":[{"name":"wp","href":"https:\/\/api.w.org\/{rel}","templated":true}]}}