{"id":9626,"date":"2025-04-16T15:45:35","date_gmt":"2025-04-16T12:45:35","guid":{"rendered":"https:\/\/alexanderling.ee\/?post_type=product&#038;p=9626"},"modified":"2025-11-07T23:52:24","modified_gmt":"2025-11-07T20:52:24","slug":"shirt-ilmjarve","status":"publish","type":"product","link":"https:\/\/alexanderling.ee\/et\/toode\/shirt-ilmjarve\/","title":{"rendered":"Topp ILMJ\u00c4RVE"},"content":{"rendered":"<p><span data-sheets-root=\"1\">Kortsu siid\u0161ifoonist varruktateta s\u00e4rk, millel satiinsiidivooder. K\u00f5rgete eemaldatavate \u00f5lakutega. Ees n\u00f6\u00f6p-kinnised.<\/span><\/p>","protected":false},"excerpt":{"rendered":"<p><span data-sheets-root=\"1\">ILMJ\u00c4RVE varrukateta siids\u00e4rk on sini-must-valges trikolooris rukkilille mustriga. Kinnin\u00f6\u00f6bituna loob siids\u00e4rk puhta ja viimistletud l\u00f5pptulemuse, mis lubab kergelt kortsulise tundega siid\u0161ifoonil kukkuda vabalt, \u00f5lajoon on r\u00f5hutatud eraldi \u00e4rak\u00e4ivate \u00f5lakutega. S\u00e4rk on t\u00e4ielikult s\u00fcnteetikavaba ning valmistatud kortsutatud siidi\u0161ifoonist ning vooder on satiinsiidist.<\/span><\/p>\n<p><strong>Stiilinipp:<\/strong> r\u00f5huta veelgi Eestimaa sinist tooni, kandes siids\u00e4rki siniste viikidega p\u00fckstega KOIGU.<\/p>\n<p><strong>Istuvus:<\/strong> modell on 179 cm pikk ja kannab suurust 38.<\/p>\n<p>Istub kehasse vabalt.<\/p>\n<p>&nbsp;<\/p>","protected":false},"featured_media":10605,"template":"","meta":{"nf_dc_page":""},"product_brand":[],"product_cat":[280,58,17],"product_tag":[],"class_list":{"0":"post-9626","1":"product","2":"type-product","3":"status-publish","4":"has-post-thumbnail","6":"product_cat-iseoma-s-s-25","7":"product_cat-sale","8":"product_cat-tops","10":"first","11":"instock","12":"sale","13":"taxable","14":"shipping-taxable","15":"purchasable","16":"product-type-variable"},"jetpack_sharing_enabled":true,"_links":{"self":[{"href":"https:\/\/alexanderling.ee\/et\/wp-json\/wp\/v2\/product\/9626","targetHints":{"allow":["GET"]}}],"collection":[{"href":"https:\/\/alexanderling.ee\/et\/wp-json\/wp\/v2\/product"}],"about":[{"href":"https:\/\/alexanderling.ee\/et\/wp-json\/wp\/v2\/types\/product"}],"wp:featuredmedia":[{"embeddable":true,"href":"https:\/\/alexanderling.ee\/et\/wp-json\/wp\/v2\/media\/10605"}],"wp:attachment":[{"href":"https:\/\/alexanderling.ee\/et\/wp-json\/wp\/v2\/media?parent=9626"}],"wp:term":[{"taxonomy":"product_brand","embeddable":true,"href":"https:\/\/alexanderling.ee\/et\/wp-json\/wp\/v2\/product_brand?post=9626"},{"taxonomy":"product_cat","embeddable":true,"href":"https:\/\/alexanderling.ee\/et\/wp-json\/wp\/v2\/product_cat?post=9626"},{"taxonomy":"product_tag","embeddable":true,"href":"https:\/\/alexanderling.ee\/et\/wp-json\/wp\/v2\/product_tag?post=9626"}],"curies":[{"name":"wp","href":"https:\/\/api.w.org\/{rel}","templated":true}]}}