{"id":9635,"date":"2025-04-16T16:09:34","date_gmt":"2025-04-16T13:09:34","guid":{"rendered":"https:\/\/alexanderling.ee\/?post_type=product&#038;p=9635"},"modified":"2025-09-27T17:58:32","modified_gmt":"2025-09-27T14:58:32","slug":"trousers-koigu","status":"publish","type":"product","link":"https:\/\/alexanderling.ee\/et\/toode\/trousers-koigu\/","title":{"rendered":"P\u00fcksid KOIGU"},"content":{"rendered":"<p><span data-sheets-root=\"1\">P\u00fckstel on elastne v\u00f6\u00f6koht ja eraldi seotav must paelkinnis. Kaks k\u00fcljetaskut. Ees ja taga sisse\u00f5mmeldud viigijoon.<\/span><\/p>","protected":false},"excerpt":{"rendered":"<p>Elektrisinised p\u00fcksid KOIGU on konstrueeritud ja \u00f5mmeldud klassikaliselt kukkuva sirge s\u00e4\u00e4rejoonega. \u00dchelt poolt on p\u00fckstel taskud ja taljes on kumm \u2013 k\u00f5ik vajalik igap\u00e4evaseks kandmismugavuseks; teisalt l\u00e4bitepitud viik lisab just seda viimistletust juurde, et vajadusel kanda p\u00fckse ka kontoris.<\/p>\n<p><strong>Stiilinipp:<\/strong> minu lemmikviis stiliseerimiseks on kanda p\u00fckse koos varrukateta s\u00e4rgiga ILMJ\u00c4RVE. \u00c4ra unusta oma pikkuse teada andmist meile, et saaksime all\u00e4\u00e4re pikkuse m\u00e4\u00e4rata Sinu pikkusele sobivaks.<\/p>\n<p><strong>Istuvus:<\/strong> modell on 179 cm pikk ja kannab suurust 38.<\/p>\n<p>Vastab suurusele.<\/p>","protected":false},"featured_media":10606,"template":"","meta":{"nf_dc_page":""},"product_brand":[],"product_cat":[280,20,28],"product_tag":[],"class_list":{"0":"post-9635","1":"product","2":"type-product","3":"status-publish","4":"has-post-thumbnail","6":"product_cat-iseoma-s-s-25","7":"product_cat-bottoms","8":"product_cat-trousers","10":"first","11":"instock","12":"taxable","13":"shipping-taxable","14":"purchasable","15":"product-type-variable"},"jetpack_sharing_enabled":true,"_links":{"self":[{"href":"https:\/\/alexanderling.ee\/et\/wp-json\/wp\/v2\/product\/9635","targetHints":{"allow":["GET"]}}],"collection":[{"href":"https:\/\/alexanderling.ee\/et\/wp-json\/wp\/v2\/product"}],"about":[{"href":"https:\/\/alexanderling.ee\/et\/wp-json\/wp\/v2\/types\/product"}],"wp:featuredmedia":[{"embeddable":true,"href":"https:\/\/alexanderling.ee\/et\/wp-json\/wp\/v2\/media\/10606"}],"wp:attachment":[{"href":"https:\/\/alexanderling.ee\/et\/wp-json\/wp\/v2\/media?parent=9635"}],"wp:term":[{"taxonomy":"product_brand","embeddable":true,"href":"https:\/\/alexanderling.ee\/et\/wp-json\/wp\/v2\/product_brand?post=9635"},{"taxonomy":"product_cat","embeddable":true,"href":"https:\/\/alexanderling.ee\/et\/wp-json\/wp\/v2\/product_cat?post=9635"},{"taxonomy":"product_tag","embeddable":true,"href":"https:\/\/alexanderling.ee\/et\/wp-json\/wp\/v2\/product_tag?post=9635"}],"curies":[{"name":"wp","href":"https:\/\/api.w.org\/{rel}","templated":true}]}}