{"id":9641,"date":"2025-04-16T17:37:59","date_gmt":"2025-04-16T14:37:59","guid":{"rendered":"https:\/\/alexanderling.ee\/?post_type=product&#038;p=9641"},"modified":"2026-02-04T16:05:33","modified_gmt":"2026-02-04T13:05:33","slug":"pleated-maxi-skirt-romantica","status":"publish","type":"product","link":"https:\/\/alexanderling.ee\/et\/toode\/pleated-maxi-skirt-romantica\/","title":{"rendered":"Plisseeritud maksiseelik ROMANTICO"},"content":{"rendered":"<p><span data-sheets-root=\"1\">Plisseeritud maxiseelik k\u00f5rge pihaosaga.<\/span><\/p>","protected":false},"excerpt":{"rendered":"<p><span data-sheets-root=\"1\">ROMANTICO on ALEXANDERLING\u2019i hitt-toode. Plisseeritud seelik fikseeritud v\u00f6\u00f6osaga, mis toetub perfektselt Sinu k\u00f5ige peenemal taljeosal. V\u00f6\u00f6koha seljaosal on peitlukk-kinnis.<\/span><\/p>\n<p><strong>Stiilinipp:<\/strong> kombineeri tossudega, et saavutada mugav ja sportlik ilme, v\u00f5i lisa hubane kootud kampsun, et luua moekas s\u00fcgisene v\u00e4limus.<\/p>\n<p><strong>Istuvus:<\/strong> modell on 179 cm pikk ja kannab suurust 36.<\/p>\n<p>Vastab suurusele.<\/p>","protected":false},"featured_media":10657,"template":"","meta":{"nf_dc_page":""},"product_brand":[],"product_cat":[281,20,27],"product_tag":[],"class_list":{"0":"post-9641","1":"product","2":"type-product","3":"status-publish","4":"has-post-thumbnail","6":"product_cat-groovy-resort-25","7":"product_cat-bottoms","8":"product_cat-skirts","10":"first","11":"instock","12":"taxable","13":"shipping-taxable","14":"purchasable","15":"product-type-variable"},"jetpack_sharing_enabled":true,"_links":{"self":[{"href":"https:\/\/alexanderling.ee\/et\/wp-json\/wp\/v2\/product\/9641","targetHints":{"allow":["GET"]}}],"collection":[{"href":"https:\/\/alexanderling.ee\/et\/wp-json\/wp\/v2\/product"}],"about":[{"href":"https:\/\/alexanderling.ee\/et\/wp-json\/wp\/v2\/types\/product"}],"wp:featuredmedia":[{"embeddable":true,"href":"https:\/\/alexanderling.ee\/et\/wp-json\/wp\/v2\/media\/10657"}],"wp:attachment":[{"href":"https:\/\/alexanderling.ee\/et\/wp-json\/wp\/v2\/media?parent=9641"}],"wp:term":[{"taxonomy":"product_brand","embeddable":true,"href":"https:\/\/alexanderling.ee\/et\/wp-json\/wp\/v2\/product_brand?post=9641"},{"taxonomy":"product_cat","embeddable":true,"href":"https:\/\/alexanderling.ee\/et\/wp-json\/wp\/v2\/product_cat?post=9641"},{"taxonomy":"product_tag","embeddable":true,"href":"https:\/\/alexanderling.ee\/et\/wp-json\/wp\/v2\/product_tag?post=9641"}],"curies":[{"name":"wp","href":"https:\/\/api.w.org\/{rel}","templated":true}]}}