{"id":9746,"date":"2025-04-24T10:15:16","date_gmt":"2025-04-24T07:15:16","guid":{"rendered":"https:\/\/alexanderling.ee\/?post_type=product&#038;p=9746"},"modified":"2025-11-08T02:36:14","modified_gmt":"2025-11-07T23:36:14","slug":"dress-virapalu","status":"publish","type":"product","link":"https:\/\/alexanderling.ee\/et\/toode\/dress-virapalu\/","title":{"rendered":"Kleit VIIRAPALU"},"content":{"rendered":"<p>Siidist kleidil on viskoosivooder, kimonovarrukad, mis on \u00fclesse keeratud, taskud k\u00fclgedel ja seljal peitlukk-kinnis.<\/p>","protected":false},"excerpt":{"rendered":"<p>VIIRAPALU siidist kleit on l\u00f5igatud kimono varrukatega ning k\u00fclje\u00f5mblustes on taskud, andes v\u00f5imaluse kanda kleiti nii t\u00f6\u00f6tundidel kui ka v\u00e4ljaspool t\u00f6\u00f6tunde. Keskkohta ja puusi kallistav l\u00f5ige on \u00fchelt poolt meelitav, aga teisalt nutikalt varjav, samal ajal kui keha ja seelikuosa viskoosivooder annab luksusliku tunde kandmisel.<\/p>\n<p><strong>Stiilinipp:<\/strong> kuna kleit on t\u00e4pselt 106 cm pikk, mis ulatub siis p\u00f5lve keskkohta, v\u00f5id kanda mugavuse m\u00f5ttes tennistega, aga \u00f5htutundidel vaheta need v\u00e4lja kontsaga rihmikute vastu.<\/p>\n<p><strong>Istuvus:<\/strong> modell on 179 cm pikk ja kannab suurust 36.<\/p>\n<p>Vastab suurusele.<\/p>","protected":false},"featured_media":9747,"template":"","meta":{"nf_dc_page":""},"product_brand":[],"product_cat":[280,35,58],"product_tag":[],"class_list":{"0":"post-9746","1":"product","2":"type-product","3":"status-publish","4":"has-post-thumbnail","6":"product_cat-iseoma-s-s-25","7":"product_cat-dresses","8":"product_cat-sale","10":"first","11":"instock","12":"sale","13":"taxable","14":"shipping-taxable","15":"purchasable","16":"product-type-variable"},"jetpack_sharing_enabled":true,"_links":{"self":[{"href":"https:\/\/alexanderling.ee\/et\/wp-json\/wp\/v2\/product\/9746","targetHints":{"allow":["GET"]}}],"collection":[{"href":"https:\/\/alexanderling.ee\/et\/wp-json\/wp\/v2\/product"}],"about":[{"href":"https:\/\/alexanderling.ee\/et\/wp-json\/wp\/v2\/types\/product"}],"wp:featuredmedia":[{"embeddable":true,"href":"https:\/\/alexanderling.ee\/et\/wp-json\/wp\/v2\/media\/9747"}],"wp:attachment":[{"href":"https:\/\/alexanderling.ee\/et\/wp-json\/wp\/v2\/media?parent=9746"}],"wp:term":[{"taxonomy":"product_brand","embeddable":true,"href":"https:\/\/alexanderling.ee\/et\/wp-json\/wp\/v2\/product_brand?post=9746"},{"taxonomy":"product_cat","embeddable":true,"href":"https:\/\/alexanderling.ee\/et\/wp-json\/wp\/v2\/product_cat?post=9746"},{"taxonomy":"product_tag","embeddable":true,"href":"https:\/\/alexanderling.ee\/et\/wp-json\/wp\/v2\/product_tag?post=9746"}],"curies":[{"name":"wp","href":"https:\/\/api.w.org\/{rel}","templated":true}]}}