{"id":9759,"date":"2025-04-24T11:00:04","date_gmt":"2025-04-24T08:00:04","guid":{"rendered":"https:\/\/alexanderling.ee\/?post_type=product&#038;p=9759"},"modified":"2025-11-08T02:19:47","modified_gmt":"2025-11-07T23:19:47","slug":"dress-kassiratta","status":"publish","type":"product","link":"https:\/\/alexanderling.ee\/et\/toode\/dress-kassiratta\/","title":{"rendered":"Kleit KASSIRATTA"},"content":{"rendered":"<p>Kleidil on ees n\u00f6\u00f6pkinnised ja kummidetail taljejoones. Varrukaotsad on fikseeritud kummidetailidega. All\u00e4\u00e4re pikkuse saab m\u00e4\u00e4rata vastavalt kandja jalan\u00f5ude kontsak\u00f5rgusele.<\/p>","protected":false},"excerpt":{"rendered":"<p>Eest n\u00f6\u00f6bitav p\u00fcstkraega maxikleit KASSIRATTA on taljesse t\u00f6\u00f6deldud kummidetailiga. Kontrastsed valged broderiipitsidetailid seelikuosa l\u00f5igetel peegeldavad moebr\u00e4ndi eksimatut t\u00e4helepanu detailidele.<\/p>\n<p><strong>Stiilinipp:<\/strong> soovitan kanda h\u00f5bedatooni metallist v\u00f6\u00f6ga. K\u00fcsi seda meilt eraldi. \u00c4ra unusta oma pikkuse teada andmist meile, et saaksime all\u00e4\u00e4re pikkuse m\u00e4\u00e4rata Sinu pikkusele sobivaks.<\/p>\n<p><strong>Istuvus:<\/strong> modell on 179 cm pikk ja kannab suurust 38.<\/p>\n<p>Istub kehasse vabalt.<\/p>","protected":false},"featured_media":9761,"template":"","meta":{"nf_dc_page":""},"product_brand":[],"product_cat":[280,293,58],"product_tag":[],"class_list":{"0":"post-9759","1":"product","2":"type-product","3":"status-publish","4":"has-post-thumbnail","6":"product_cat-iseoma-s-s-25","7":"product_cat-floor-length-dresses","8":"product_cat-sale","10":"first","11":"instock","12":"sale","13":"taxable","14":"shipping-taxable","15":"purchasable","16":"product-type-variable"},"jetpack_sharing_enabled":true,"_links":{"self":[{"href":"https:\/\/alexanderling.ee\/et\/wp-json\/wp\/v2\/product\/9759","targetHints":{"allow":["GET"]}}],"collection":[{"href":"https:\/\/alexanderling.ee\/et\/wp-json\/wp\/v2\/product"}],"about":[{"href":"https:\/\/alexanderling.ee\/et\/wp-json\/wp\/v2\/types\/product"}],"wp:featuredmedia":[{"embeddable":true,"href":"https:\/\/alexanderling.ee\/et\/wp-json\/wp\/v2\/media\/9761"}],"wp:attachment":[{"href":"https:\/\/alexanderling.ee\/et\/wp-json\/wp\/v2\/media?parent=9759"}],"wp:term":[{"taxonomy":"product_brand","embeddable":true,"href":"https:\/\/alexanderling.ee\/et\/wp-json\/wp\/v2\/product_brand?post=9759"},{"taxonomy":"product_cat","embeddable":true,"href":"https:\/\/alexanderling.ee\/et\/wp-json\/wp\/v2\/product_cat?post=9759"},{"taxonomy":"product_tag","embeddable":true,"href":"https:\/\/alexanderling.ee\/et\/wp-json\/wp\/v2\/product_tag?post=9759"}],"curies":[{"name":"wp","href":"https:\/\/api.w.org\/{rel}","templated":true}]}}