{"id":9765,"date":"2025-04-24T11:09:55","date_gmt":"2025-04-24T08:09:55","guid":{"rendered":"https:\/\/alexanderling.ee\/?post_type=product&#038;p=9765"},"modified":"2025-11-07T23:53:03","modified_gmt":"2025-11-07T20:53:03","slug":"sweatshirt-vidrike","status":"publish","type":"product","link":"https:\/\/alexanderling.ee\/et\/toode\/sweatshirt-vidrike\/","title":{"rendered":"Dressipluus VIDRIKE"},"content":{"rendered":"<p>Dressipluusil on soonikkude kaeluses, varrukaotstes ja all\u00e4\u00e4res. Paremal k\u00f5rgel rinnal sisse\u00f5meldud kaunistusdetail.<\/p>","protected":false},"excerpt":{"rendered":"<p>Valmistatud suure elastaanisisaldusega pol\u00fcestrist, mis on kergestihooldatav. Sellel dressipluusil on palju kombineerimisv\u00f5imalusi andev tumesinine toon, k\u00e4eaukudel on suur vabadus ning varrukaotsad, kaelus ja all\u00e4\u00e4r on soonikkoedetailiga viimistletud. Igap\u00e4evane, aga l\u00e4bi ja l\u00f5hki alexanderlingiliku tunnetusega baastoode Sinu garderoobi.<\/p>\n<p><strong>Stiilinipp:<\/strong> soovitan kanda tervikliku tunde saamiseks sama tooni p\u00fckstega RAUDSEPA.<\/p>\n<p><strong>Istuvus:<\/strong> modell on 179 cm pikk ja kannab suurust 36.<\/p>\n<p>Istub kehasse vabalt.<\/p>","protected":false},"featured_media":9820,"template":"","meta":{"nf_dc_page":""},"product_brand":[],"product_cat":[280,58,17],"product_tag":[],"class_list":{"0":"post-9765","1":"product","2":"type-product","3":"status-publish","4":"has-post-thumbnail","6":"product_cat-iseoma-s-s-25","7":"product_cat-sale","8":"product_cat-tops","10":"first","11":"instock","12":"sale","13":"taxable","14":"shipping-taxable","15":"purchasable","16":"product-type-variable"},"jetpack_sharing_enabled":true,"_links":{"self":[{"href":"https:\/\/alexanderling.ee\/et\/wp-json\/wp\/v2\/product\/9765","targetHints":{"allow":["GET"]}}],"collection":[{"href":"https:\/\/alexanderling.ee\/et\/wp-json\/wp\/v2\/product"}],"about":[{"href":"https:\/\/alexanderling.ee\/et\/wp-json\/wp\/v2\/types\/product"}],"wp:featuredmedia":[{"embeddable":true,"href":"https:\/\/alexanderling.ee\/et\/wp-json\/wp\/v2\/media\/9820"}],"wp:attachment":[{"href":"https:\/\/alexanderling.ee\/et\/wp-json\/wp\/v2\/media?parent=9765"}],"wp:term":[{"taxonomy":"product_brand","embeddable":true,"href":"https:\/\/alexanderling.ee\/et\/wp-json\/wp\/v2\/product_brand?post=9765"},{"taxonomy":"product_cat","embeddable":true,"href":"https:\/\/alexanderling.ee\/et\/wp-json\/wp\/v2\/product_cat?post=9765"},{"taxonomy":"product_tag","embeddable":true,"href":"https:\/\/alexanderling.ee\/et\/wp-json\/wp\/v2\/product_tag?post=9765"}],"curies":[{"name":"wp","href":"https:\/\/api.w.org\/{rel}","templated":true}]}}