{"id":9771,"date":"2025-04-24T11:20:09","date_gmt":"2025-04-24T08:20:09","guid":{"rendered":"https:\/\/alexanderling.ee\/?post_type=product&#038;p=9771"},"modified":"2025-11-08T02:15:11","modified_gmt":"2025-11-07T23:15:11","slug":"trousers-raudsepa","status":"publish","type":"product","link":"https:\/\/alexanderling.ee\/et\/toode\/trousers-raudsepa\/","title":{"rendered":"Trousers RAUDSEPA"},"content":{"rendered":"<p>P\u00fckstel on elastne v\u00f6\u00f6koht ja eraldi seotav must paelkinnis. Kaks esi- ja kaks tagataskut. Ees ja taga sissetriigitud viigijoon.<\/p>","protected":false},"excerpt":{"rendered":"<p>Tumesinised p\u00fcksid KOIGU on konstrueeritud ja sissetriigitud viigi ning klassikaliselt kukkuva sirge s\u00e4\u00e4rejoonega. \u00dchelt poolt on p\u00fckstel taskud ja taljes on kumm \u2013 k\u00f5ik vajalik igap\u00e4evaseks kandmismugavuseks; teisalt sissetriigitud viik lisab just seda viimistletust juurde, et vajadusel kanda p\u00fckse ka kontoris.<\/p>\n<p><strong>Stiilinipp:<\/strong> minu lemmikviis stiliseerimiseks on kanda p\u00fckse koos sama tooni dresspluusiga VIDRIKE. \u00c4ra unusta oma pikkuse teada andmist meile, et saaksime all\u00e4\u00e4re pikkuse m\u00e4\u00e4rata Sinu pikkusele sobivaks.<\/p>\n<p><strong>Istuvus:<\/strong> modell on 179 cm pikk ja kannab suurust 38.<\/p>\n<p>Istub kehasse vabalt.<\/p>","protected":false},"featured_media":9821,"template":"","meta":{"nf_dc_page":""},"product_brand":[],"product_cat":[280,20,58,28],"product_tag":[],"class_list":{"0":"post-9771","1":"product","2":"type-product","3":"status-publish","4":"has-post-thumbnail","6":"product_cat-iseoma-s-s-25","7":"product_cat-bottoms","8":"product_cat-sale","9":"product_cat-trousers","11":"first","12":"instock","13":"sale","14":"taxable","15":"shipping-taxable","16":"purchasable","17":"product-type-variable"},"jetpack_sharing_enabled":true,"_links":{"self":[{"href":"https:\/\/alexanderling.ee\/et\/wp-json\/wp\/v2\/product\/9771","targetHints":{"allow":["GET"]}}],"collection":[{"href":"https:\/\/alexanderling.ee\/et\/wp-json\/wp\/v2\/product"}],"about":[{"href":"https:\/\/alexanderling.ee\/et\/wp-json\/wp\/v2\/types\/product"}],"wp:featuredmedia":[{"embeddable":true,"href":"https:\/\/alexanderling.ee\/et\/wp-json\/wp\/v2\/media\/9821"}],"wp:attachment":[{"href":"https:\/\/alexanderling.ee\/et\/wp-json\/wp\/v2\/media?parent=9771"}],"wp:term":[{"taxonomy":"product_brand","embeddable":true,"href":"https:\/\/alexanderling.ee\/et\/wp-json\/wp\/v2\/product_brand?post=9771"},{"taxonomy":"product_cat","embeddable":true,"href":"https:\/\/alexanderling.ee\/et\/wp-json\/wp\/v2\/product_cat?post=9771"},{"taxonomy":"product_tag","embeddable":true,"href":"https:\/\/alexanderling.ee\/et\/wp-json\/wp\/v2\/product_tag?post=9771"}],"curies":[{"name":"wp","href":"https:\/\/api.w.org\/{rel}","templated":true}]}}