{"id":9773,"date":"2025-04-24T11:25:11","date_gmt":"2025-04-24T08:25:11","guid":{"rendered":"https:\/\/alexanderling.ee\/?post_type=product&#038;p=9773"},"modified":"2026-02-04T16:38:39","modified_gmt":"2026-02-04T13:38:39","slug":"top-truuta","status":"publish","type":"product","link":"https:\/\/alexanderling.ee\/et\/toode\/top-truuta\/","title":{"rendered":"Topp TRUUTA TRICOLOR"},"content":{"rendered":"<p>Pluusil on seotavad \u00f5lapaelad ja kummidetailid varrukaotstes.<\/p>","protected":false},"excerpt":{"rendered":"<p>Meil on r\u00f5\u00f5m esitleda \u00f5lgadelt kukkuva l\u00f5ikega suvetoppi, mis on m\u00f5eldud \u00fclistamaks isamaad. Rahvuslikus temaatikas paeladetailid on seotavad \u00f5lapaelteks, andes mugava istuvuse. Nii sobib see topp kandmiseks nii iseseisvusp\u00e4eval kui ka kaasa lauldes kodumaalisi laule Laulupeol.<\/p>\n<p><strong>Stiilinipp:<\/strong> minu lemmikviis stiliseerimiseks on kanda toppi koos pika plisseeseeliku ROMANTICAga.<\/p>\n<p><strong>Istuvus:<\/strong> modell on 179 cm pikk ja kannab suurust 38.<\/p>\n<p>Istub kehasse vabalt.<\/p>","protected":false},"featured_media":9819,"template":"","meta":{"nf_dc_page":""},"product_brand":[],"product_cat":[280,58,17],"product_tag":[],"class_list":{"0":"post-9773","1":"product","2":"type-product","3":"status-publish","4":"has-post-thumbnail","6":"product_cat-iseoma-s-s-25","7":"product_cat-sale","8":"product_cat-tops","10":"first","11":"onbackorder","12":"taxable","13":"shipping-taxable","14":"purchasable","15":"product-type-variable"},"jetpack_sharing_enabled":true,"_links":{"self":[{"href":"https:\/\/alexanderling.ee\/et\/wp-json\/wp\/v2\/product\/9773","targetHints":{"allow":["GET"]}}],"collection":[{"href":"https:\/\/alexanderling.ee\/et\/wp-json\/wp\/v2\/product"}],"about":[{"href":"https:\/\/alexanderling.ee\/et\/wp-json\/wp\/v2\/types\/product"}],"wp:featuredmedia":[{"embeddable":true,"href":"https:\/\/alexanderling.ee\/et\/wp-json\/wp\/v2\/media\/9819"}],"wp:attachment":[{"href":"https:\/\/alexanderling.ee\/et\/wp-json\/wp\/v2\/media?parent=9773"}],"wp:term":[{"taxonomy":"product_brand","embeddable":true,"href":"https:\/\/alexanderling.ee\/et\/wp-json\/wp\/v2\/product_brand?post=9773"},{"taxonomy":"product_cat","embeddable":true,"href":"https:\/\/alexanderling.ee\/et\/wp-json\/wp\/v2\/product_cat?post=9773"},{"taxonomy":"product_tag","embeddable":true,"href":"https:\/\/alexanderling.ee\/et\/wp-json\/wp\/v2\/product_tag?post=9773"}],"curies":[{"name":"wp","href":"https:\/\/api.w.org\/{rel}","templated":true}]}}