{"id":9912,"date":"2025-05-13T09:12:53","date_gmt":"2025-05-13T06:12:53","guid":{"rendered":"https:\/\/alexanderling.ee\/?post_type=product&#038;p=9912"},"modified":"2025-05-27T15:20:35","modified_gmt":"2025-05-27T12:20:35","slug":"top-mardi","status":"publish","type":"product","link":"https:\/\/alexanderling.ee\/et\/toode\/top-mardi\/","title":{"rendered":"K\u00f5rge kaelusega topp M\u00c4RDI"},"content":{"rendered":"<p><span data-sheets-root=\"1\">K\u00f5rge kaelusega topil on seljal t\u00e4is pikkuses alt avatav metallukk-kinnis.<\/span><\/p>","protected":false},"excerpt":{"rendered":"<p>K\u00f5rge kaelusega polo-topp M\u00c4RDI on garderoobi baasese: pikad sirged varrukad, taljet j\u00e4rgiv kehajoon ja k\u00f5rge kaelus sobib kandmiseks aastaringselt. Kergelt \u0161tret\u0161-tunnetus kangal annab v\u00f5imaluse mugavalt tunda p\u00e4eva jooksul.<\/p>\n<p><strong>Stiilinipp:<\/strong> kontorisse sobita viigip\u00fckste v\u00f5i pliiatsseelikuga. \u00d5htutundidel kasuta hoopis t\u00e4ispikkuses seelikuga ROMANTICA.<\/p>\n<p><strong>Istuvus:<\/strong> modell on 179 cm pikk ja kannab suurust 38.<\/p>\n<p>Vastab suurusele.<\/p>","protected":false},"featured_media":9922,"template":"","meta":{"nf_dc_page":""},"product_brand":[],"product_cat":[280,17],"product_tag":[],"class_list":{"0":"post-9912","1":"product","2":"type-product","3":"status-publish","4":"has-post-thumbnail","6":"product_cat-iseoma-s-s-25","7":"product_cat-tops","9":"first","10":"instock","11":"taxable","12":"shipping-taxable","13":"purchasable","14":"product-type-variable"},"jetpack_sharing_enabled":true,"_links":{"self":[{"href":"https:\/\/alexanderling.ee\/et\/wp-json\/wp\/v2\/product\/9912","targetHints":{"allow":["GET"]}}],"collection":[{"href":"https:\/\/alexanderling.ee\/et\/wp-json\/wp\/v2\/product"}],"about":[{"href":"https:\/\/alexanderling.ee\/et\/wp-json\/wp\/v2\/types\/product"}],"wp:featuredmedia":[{"embeddable":true,"href":"https:\/\/alexanderling.ee\/et\/wp-json\/wp\/v2\/media\/9922"}],"wp:attachment":[{"href":"https:\/\/alexanderling.ee\/et\/wp-json\/wp\/v2\/media?parent=9912"}],"wp:term":[{"taxonomy":"product_brand","embeddable":true,"href":"https:\/\/alexanderling.ee\/et\/wp-json\/wp\/v2\/product_brand?post=9912"},{"taxonomy":"product_cat","embeddable":true,"href":"https:\/\/alexanderling.ee\/et\/wp-json\/wp\/v2\/product_cat?post=9912"},{"taxonomy":"product_tag","embeddable":true,"href":"https:\/\/alexanderling.ee\/et\/wp-json\/wp\/v2\/product_tag?post=9912"}],"curies":[{"name":"wp","href":"https:\/\/api.w.org\/{rel}","templated":true}]}}