{"id":9924,"date":"2025-05-13T09:45:37","date_gmt":"2025-05-13T06:45:37","guid":{"rendered":"https:\/\/alexanderling.ee\/?post_type=product&#038;p=9924"},"modified":"2025-09-27T17:44:32","modified_gmt":"2025-09-27T14:44:32","slug":"top-estella","status":"publish","type":"product","link":"https:\/\/alexanderling.ee\/et\/toode\/top-estella\/","title":{"rendered":"K\u00f5rge kaelusega topp ESTELLA"},"content":{"rendered":"<p>K\u00f5rge kraega topil on seljal peitlukk-kinnis.<\/p>","protected":false},"excerpt":{"rendered":"<p>K\u00f5rge kaelusega topp ESTELLA on elegantne t\u00e4iendus Sinu peogarderoobi: pikad sirged varrukad, taljet j\u00e4rgiv kehajoon ja pitsiga palistatud k\u00f5rge kaelus sobib kandmiseks just pidude hetkel. Kergelt \u0161tret\u0161-tunnetus kangal annab v\u00f5imaluse mugavalt tunda terve \u00f5htu jooksul.<\/p>\n<p><strong>Stiilinipp:<\/strong> soovitme kanda koos kahara A-l\u00f5ikelise seelikuga, et tekiks t\u00e4iuslik komplekt \u00f5htutundidesse. K\u00fcsi meilt, et teeksime Sulle spetsiaalselt selle seeliku.<\/p>\n<p><strong>Istuvus:<\/strong> modell on 179 cm pikk ja kannab suurust 36.<\/p>\n<p>Vastab suurusele.<\/p>","protected":false},"featured_media":9931,"template":"","meta":{"nf_dc_page":""},"product_brand":[],"product_cat":[222,17],"product_tag":[],"class_list":{"0":"post-9924","1":"product","2":"type-product","3":"status-publish","4":"has-post-thumbnail","6":"product_cat-grey-a-w-24","7":"product_cat-tops","9":"first","10":"instock","11":"taxable","12":"shipping-taxable","13":"purchasable","14":"product-type-variable"},"jetpack_sharing_enabled":true,"_links":{"self":[{"href":"https:\/\/alexanderling.ee\/et\/wp-json\/wp\/v2\/product\/9924","targetHints":{"allow":["GET"]}}],"collection":[{"href":"https:\/\/alexanderling.ee\/et\/wp-json\/wp\/v2\/product"}],"about":[{"href":"https:\/\/alexanderling.ee\/et\/wp-json\/wp\/v2\/types\/product"}],"wp:featuredmedia":[{"embeddable":true,"href":"https:\/\/alexanderling.ee\/et\/wp-json\/wp\/v2\/media\/9931"}],"wp:attachment":[{"href":"https:\/\/alexanderling.ee\/et\/wp-json\/wp\/v2\/media?parent=9924"}],"wp:term":[{"taxonomy":"product_brand","embeddable":true,"href":"https:\/\/alexanderling.ee\/et\/wp-json\/wp\/v2\/product_brand?post=9924"},{"taxonomy":"product_cat","embeddable":true,"href":"https:\/\/alexanderling.ee\/et\/wp-json\/wp\/v2\/product_cat?post=9924"},{"taxonomy":"product_tag","embeddable":true,"href":"https:\/\/alexanderling.ee\/et\/wp-json\/wp\/v2\/product_tag?post=9924"}],"curies":[{"name":"wp","href":"https:\/\/api.w.org\/{rel}","templated":true}]}}