{"id":9932,"date":"2025-05-13T10:55:42","date_gmt":"2025-05-13T07:55:42","guid":{"rendered":"https:\/\/alexanderling.ee\/?post_type=product&#038;p=9932"},"modified":"2026-02-04T16:04:33","modified_gmt":"2026-02-04T13:04:33","slug":"wool-jacket-sayan","status":"publish","type":"product","link":"https:\/\/alexanderling.ee\/et\/toode\/wool-jacket-sayan\/","title":{"rendered":"Villane jakk SAYAN"},"content":{"rendered":"<p>Jakil on ees trukk-kinnised ja seotav v\u00f6\u00f6. Jakil puudub vooder, sise\u00f5mblused on kantidega palistatud.<\/p>","protected":false},"excerpt":{"rendered":"<p>Bee\u017e, seotava v\u00f6\u00f6ga jakk SAYAN annab moodsale r\u00e4tsepat\u00f6\u00f6le uue t\u00e4henduse, pakkudes elegantsi. Kahepoolsest villakangast valmistatud jakk langeb elegantselt \u00fcle puusajoone, v\u00f6\u00f6 peale pingutades loob jakk vormika silueti. Otsas kellukesekujulised varrukad r\u00f5hutavad samas jaki struktureeritud v\u00e4limust, kui voodrita sisemus tagab kergelt langeva viimistluse. See rafineeritud minimalismi v\u00e4ljendusrikas jakk on loodud sujuvalt \u00fcle minema p\u00e4evast \u00f5htutundidesse.<\/p>\n<p><strong>Stiilinipp:<\/strong> kanna seda jakki jahedatel suve\u00f5htutel v\u00f5i esimese jakina kui s\u00fcgisel hakkavad k\u00fclmad hammustama.<\/p>\n<p><strong>Istuvus:<\/strong> the model is 179 cm and wearing size 40.<\/p>\n<p>Vastab suurusele.<\/p>","protected":false},"featured_media":9940,"template":"","meta":{"nf_dc_page":""},"product_brand":[],"product_cat":[281,164,23],"product_tag":[],"class_list":{"0":"post-9932","1":"product","2":"type-product","3":"status-publish","4":"has-post-thumbnail","6":"product_cat-groovy-resort-25","7":"product_cat-coats-jackets","8":"product_cat-outerwear","10":"first","11":"onbackorder","12":"taxable","13":"shipping-taxable","14":"purchasable","15":"product-type-variable"},"jetpack_sharing_enabled":true,"_links":{"self":[{"href":"https:\/\/alexanderling.ee\/et\/wp-json\/wp\/v2\/product\/9932","targetHints":{"allow":["GET"]}}],"collection":[{"href":"https:\/\/alexanderling.ee\/et\/wp-json\/wp\/v2\/product"}],"about":[{"href":"https:\/\/alexanderling.ee\/et\/wp-json\/wp\/v2\/types\/product"}],"wp:featuredmedia":[{"embeddable":true,"href":"https:\/\/alexanderling.ee\/et\/wp-json\/wp\/v2\/media\/9940"}],"wp:attachment":[{"href":"https:\/\/alexanderling.ee\/et\/wp-json\/wp\/v2\/media?parent=9932"}],"wp:term":[{"taxonomy":"product_brand","embeddable":true,"href":"https:\/\/alexanderling.ee\/et\/wp-json\/wp\/v2\/product_brand?post=9932"},{"taxonomy":"product_cat","embeddable":true,"href":"https:\/\/alexanderling.ee\/et\/wp-json\/wp\/v2\/product_cat?post=9932"},{"taxonomy":"product_tag","embeddable":true,"href":"https:\/\/alexanderling.ee\/et\/wp-json\/wp\/v2\/product_tag?post=9932"}],"curies":[{"name":"wp","href":"https:\/\/api.w.org\/{rel}","templated":true}]}}