{"id":9942,"date":"2025-06-09T19:57:45","date_gmt":"2025-06-09T16:57:45","guid":{"rendered":"https:\/\/alexanderling.ee\/?post_type=product&#038;p=9942"},"modified":"2026-02-03T16:54:03","modified_gmt":"2026-02-03T13:54:03","slug":"blouse-ullaro","status":"publish","type":"product","link":"https:\/\/alexanderling.ee\/et\/toode\/blouse-ullaro\/","title":{"rendered":"Pluus ULLARO"},"content":{"rendered":"<p>Krae ja esiliistul n\u00f6\u00f6p-kinnistega triiks\u00e4rk, mis k\u00e4ib eest risti-r\u00e4sti.<\/p>","protected":false},"excerpt":{"rendered":"<p>ULLARO on naiselik l\u00e4henemine traditsioonilisele meeste s\u00e4rgile. See 100% puuvillane s\u00e4rk on klassikalise kraega ja n\u00f6\u00f6pkinnitusega, kuid elegantselt m\u00e4hib end risti-r\u00e4sti \u00fcmber v\u00f6\u00f6koha, kinnitades end tagant, andes figuurile vooolujoonelise silueti. S\u00e4rgil on kergelt kehasse l\u00f5ikega ja see on uuel hooajal meelitavas naturaalvalges v\u00e4rvitoonis.<\/p>\n<p><strong>Stiilinipp:<\/strong> kanna seda klassikaliste naturaalvalgete p\u00fckstega, et moodustada tervik, v\u00f5i kanna hoopis TOMELLOSO p\u00fckstega t\u00f6\u00f6p\u00e4eva riietuse jaoks.<\/p>\n<p><strong>Istuvus:<\/strong> modell on 179 cm pikk ja kannab suurust 38.<\/p>\n<p>Vastab suurusele.<\/p>","protected":false},"featured_media":10054,"template":"","meta":{"nf_dc_page":""},"product_brand":[],"product_cat":[281,58,17],"product_tag":[],"class_list":{"0":"post-9942","1":"product","2":"type-product","3":"status-publish","4":"has-post-thumbnail","6":"product_cat-groovy-resort-25","7":"product_cat-sale","8":"product_cat-tops","10":"first","11":"instock","12":"sale","13":"taxable","14":"shipping-taxable","15":"purchasable","16":"product-type-variable"},"jetpack_sharing_enabled":true,"_links":{"self":[{"href":"https:\/\/alexanderling.ee\/et\/wp-json\/wp\/v2\/product\/9942","targetHints":{"allow":["GET"]}}],"collection":[{"href":"https:\/\/alexanderling.ee\/et\/wp-json\/wp\/v2\/product"}],"about":[{"href":"https:\/\/alexanderling.ee\/et\/wp-json\/wp\/v2\/types\/product"}],"wp:featuredmedia":[{"embeddable":true,"href":"https:\/\/alexanderling.ee\/et\/wp-json\/wp\/v2\/media\/10054"}],"wp:attachment":[{"href":"https:\/\/alexanderling.ee\/et\/wp-json\/wp\/v2\/media?parent=9942"}],"wp:term":[{"taxonomy":"product_brand","embeddable":true,"href":"https:\/\/alexanderling.ee\/et\/wp-json\/wp\/v2\/product_brand?post=9942"},{"taxonomy":"product_cat","embeddable":true,"href":"https:\/\/alexanderling.ee\/et\/wp-json\/wp\/v2\/product_cat?post=9942"},{"taxonomy":"product_tag","embeddable":true,"href":"https:\/\/alexanderling.ee\/et\/wp-json\/wp\/v2\/product_tag?post=9942"}],"curies":[{"name":"wp","href":"https:\/\/api.w.org\/{rel}","templated":true}]}}