{"id":9952,"date":"2025-06-15T16:12:36","date_gmt":"2025-06-15T13:12:36","guid":{"rendered":"https:\/\/alexanderling.ee\/?post_type=product&#038;p=9952"},"modified":"2025-10-25T19:54:59","modified_gmt":"2025-10-25T16:54:59","slug":"skirt-caseta-2","status":"publish","type":"product","link":"https:\/\/alexanderling.ee\/et\/toode\/skirt-caseta-2\/","title":{"rendered":"Seelik CASETA"},"content":{"rendered":"<p>Seljal peitlukk-kinnis.<\/p>","protected":false},"excerpt":{"rendered":"<p>CASETA on midipikkuses p\u00e4rlipitsiseelik, millel p\u00e4rlid on tikitud delikaatselt v\u00f5rkkangale, luues 3D mulje. Seelikul on pisut l\u00fchem \u0161tret\u0161vooder all, mis lubab jalgadel v\u00f5rkkanga all elegantselt v\u00e4lja tulla.<\/p>\n<p><strong>Stiilinipp:<\/strong> sobita seelik hoopis meie musta T-s\u00e4rgi SAN LUISiga, et tekiks mugav, aga pidulik kooslus.<\/p>\n<p><strong>Istuvus:<\/strong> modell on 179 cm pikk ja kannab suurust 36.<\/p>\n<p>Vastab suurusele.<\/p>","protected":false},"featured_media":10091,"template":"","meta":{"nf_dc_page":""},"product_brand":[],"product_cat":[281,20,27],"product_tag":[345],"class_list":{"0":"post-9952","1":"product","2":"type-product","3":"status-publish","4":"has-post-thumbnail","6":"product_cat-groovy-resort-25","7":"product_cat-bottoms","8":"product_cat-skirts","9":"product_tag-new","11":"first","12":"instock","13":"sale","14":"taxable","15":"shipping-taxable","16":"purchasable","17":"product-type-variable"},"jetpack_sharing_enabled":true,"_links":{"self":[{"href":"https:\/\/alexanderling.ee\/et\/wp-json\/wp\/v2\/product\/9952","targetHints":{"allow":["GET"]}}],"collection":[{"href":"https:\/\/alexanderling.ee\/et\/wp-json\/wp\/v2\/product"}],"about":[{"href":"https:\/\/alexanderling.ee\/et\/wp-json\/wp\/v2\/types\/product"}],"wp:featuredmedia":[{"embeddable":true,"href":"https:\/\/alexanderling.ee\/et\/wp-json\/wp\/v2\/media\/10091"}],"wp:attachment":[{"href":"https:\/\/alexanderling.ee\/et\/wp-json\/wp\/v2\/media?parent=9952"}],"wp:term":[{"taxonomy":"product_brand","embeddable":true,"href":"https:\/\/alexanderling.ee\/et\/wp-json\/wp\/v2\/product_brand?post=9952"},{"taxonomy":"product_cat","embeddable":true,"href":"https:\/\/alexanderling.ee\/et\/wp-json\/wp\/v2\/product_cat?post=9952"},{"taxonomy":"product_tag","embeddable":true,"href":"https:\/\/alexanderling.ee\/et\/wp-json\/wp\/v2\/product_tag?post=9952"}],"curies":[{"name":"wp","href":"https:\/\/api.w.org\/{rel}","templated":true}]}}