{"id":9954,"date":"2025-06-15T16:17:59","date_gmt":"2025-06-15T13:17:59","guid":{"rendered":"https:\/\/alexanderling.ee\/?post_type=product&#038;p=9954"},"modified":"2025-11-07T23:42:43","modified_gmt":"2025-11-07T20:42:43","slug":"skirt-sa-garriga","status":"publish","type":"product","link":"https:\/\/alexanderling.ee\/et\/toode\/skirt-sa-garriga\/","title":{"rendered":"Seelik SA GARRIGA"},"content":{"rendered":"<p>Seljal peitlukk-kinnis.<\/p>","protected":false},"excerpt":{"rendered":"<p>SA GARRIGA on A-l\u00f5ikeline seelik meie suvisest lemmikkangast: broderiipitsist. Seelikul on hingav puuvillane vooder ja k\u00fclgedel kaks sisset\u00f6\u00f6deldud taskut, muutes toote v\u00e4ga mugavaks kandmisel. Seelik istub t\u00e4pselt k\u00f5ige peenemasse talje kohta tuues esile kaunilt naiseliku liivakella silueti.<\/p>\n<p><strong>Stiilinipp:<\/strong> sobita seelik samast kangast kimono l\u00f5ikelise jakiga ES POUET.<\/p>\n<p><strong>Istuvus:<\/strong> modell on 179 cm pikk ja kannab suurust 36.<\/p>\n<p>Vastab suurusele.<\/p>","protected":false},"featured_media":10412,"template":"","meta":{"nf_dc_page":""},"product_brand":[],"product_cat":[281,20,58,27],"product_tag":[345],"class_list":{"0":"post-9954","1":"product","2":"type-product","3":"status-publish","4":"has-post-thumbnail","6":"product_cat-groovy-resort-25","7":"product_cat-bottoms","8":"product_cat-sale","9":"product_cat-skirts","10":"product_tag-new","12":"first","13":"instock","14":"sale","15":"taxable","16":"shipping-taxable","17":"purchasable","18":"product-type-variable"},"jetpack_sharing_enabled":true,"_links":{"self":[{"href":"https:\/\/alexanderling.ee\/et\/wp-json\/wp\/v2\/product\/9954","targetHints":{"allow":["GET"]}}],"collection":[{"href":"https:\/\/alexanderling.ee\/et\/wp-json\/wp\/v2\/product"}],"about":[{"href":"https:\/\/alexanderling.ee\/et\/wp-json\/wp\/v2\/types\/product"}],"wp:featuredmedia":[{"embeddable":true,"href":"https:\/\/alexanderling.ee\/et\/wp-json\/wp\/v2\/media\/10412"}],"wp:attachment":[{"href":"https:\/\/alexanderling.ee\/et\/wp-json\/wp\/v2\/media?parent=9954"}],"wp:term":[{"taxonomy":"product_brand","embeddable":true,"href":"https:\/\/alexanderling.ee\/et\/wp-json\/wp\/v2\/product_brand?post=9954"},{"taxonomy":"product_cat","embeddable":true,"href":"https:\/\/alexanderling.ee\/et\/wp-json\/wp\/v2\/product_cat?post=9954"},{"taxonomy":"product_tag","embeddable":true,"href":"https:\/\/alexanderling.ee\/et\/wp-json\/wp\/v2\/product_tag?post=9954"}],"curies":[{"name":"wp","href":"https:\/\/api.w.org\/{rel}","templated":true}]}}