{"id":9958,"date":"2025-06-09T21:53:40","date_gmt":"2025-06-09T18:53:40","guid":{"rendered":"https:\/\/alexanderling.ee\/?post_type=product&#038;p=9958"},"modified":"2026-03-23T15:21:04","modified_gmt":"2026-03-23T12:21:04","slug":"dress-son-mir","status":"publish","type":"product","link":"https:\/\/alexanderling.ee\/et\/toode\/dress-son-mir\/","title":{"rendered":"Kleit SON MIR"},"content":{"rendered":"<p>K\u00f5rge kaelusega drapeeritud pliiatskleit, millel seljal peitlukk-kinnis.<\/p>","protected":false},"excerpt":{"rendered":"<p>Drapeeritud kleit SON MIR on trikotaa\u017eist ning kehaosa on ohtrate drapeeringutega. Drapeeringute kasutamine juurdel\u00f5ikuses ongi see, mis on ALEXANDERLINGi lemmikviis l\u00f5igete loomiseks. Drapeeringud \u00fchelt poolt peidavad keha ebatasasusi, samas kehasse t\u00f6\u00f6deldud l\u00f5ige r\u00f5hutab naiselikku liivakellasiluetti.<\/p>\n<p><strong>Stiilinipp:<\/strong> kindlasti keri varrukad \u00fclesse 3\/4 pikkusele ja kanna kleiti kontsakingadega. Just nii tekib v\u00e4ga elegantne v\u00e4ljan\u00e4gemine. Kui soovid kleiti kanda kontoris, siis k\u00fcsi meilt pakkumust, et valmistaksime Sulle trikotaa\u017eist mantli peale - tekib h\u00e4sti \u0161ikk kombo, mida saad aastaringselt kontoris kanda.<\/p>\n<p><strong>Istuvus:<\/strong> modell on 179 cm pikk ja kannab suurust 36.<\/p>\n<p>Vastab suurusele.<\/p>","protected":false},"featured_media":10060,"template":"","meta":{"nf_dc_page":""},"product_brand":[],"product_cat":[281,35],"product_tag":[],"class_list":{"0":"post-9958","1":"product","2":"type-product","3":"status-publish","4":"has-post-thumbnail","6":"product_cat-groovy-resort-25","7":"product_cat-dresses","9":"first","10":"instock","11":"taxable","12":"shipping-taxable","13":"purchasable","14":"product-type-variable"},"jetpack_sharing_enabled":true,"_links":{"self":[{"href":"https:\/\/alexanderling.ee\/et\/wp-json\/wp\/v2\/product\/9958","targetHints":{"allow":["GET"]}}],"collection":[{"href":"https:\/\/alexanderling.ee\/et\/wp-json\/wp\/v2\/product"}],"about":[{"href":"https:\/\/alexanderling.ee\/et\/wp-json\/wp\/v2\/types\/product"}],"wp:featuredmedia":[{"embeddable":true,"href":"https:\/\/alexanderling.ee\/et\/wp-json\/wp\/v2\/media\/10060"}],"wp:attachment":[{"href":"https:\/\/alexanderling.ee\/et\/wp-json\/wp\/v2\/media?parent=9958"}],"wp:term":[{"taxonomy":"product_brand","embeddable":true,"href":"https:\/\/alexanderling.ee\/et\/wp-json\/wp\/v2\/product_brand?post=9958"},{"taxonomy":"product_cat","embeddable":true,"href":"https:\/\/alexanderling.ee\/et\/wp-json\/wp\/v2\/product_cat?post=9958"},{"taxonomy":"product_tag","embeddable":true,"href":"https:\/\/alexanderling.ee\/et\/wp-json\/wp\/v2\/product_tag?post=9958"}],"curies":[{"name":"wp","href":"https:\/\/api.w.org\/{rel}","templated":true}]}}