{"id":9987,"date":"2025-06-15T16:48:13","date_gmt":"2025-06-15T13:48:13","guid":{"rendered":"https:\/\/alexanderling.ee\/?post_type=product&#038;p=9987"},"modified":"2025-10-25T19:44:59","modified_gmt":"2025-10-25T16:44:59","slug":"dress-helios","status":"publish","type":"product","link":"https:\/\/alexanderling.ee\/et\/toode\/dress-helios\/","title":{"rendered":"Kleit ESTEL"},"content":{"rendered":"<p><span data-sheets-root=\"1\">Kleidil on k\u00fcljel peitlukk-kinnis.<\/span><\/p>","protected":false},"excerpt":{"rendered":"<p><span data-sheets-root=\"1\">ESTEL on ombre toonides kleit, mis algab mustana ja kandub kreemikarva valgeni. \u00dchel \u00f5lal istuv mudel ohtrate risti-r\u00e4sti drapeeringutega on v\u00e4ga efektne \u00f5htukleit. \u00dchel varrukal on otstes mansett ja kaetud n\u00f6\u00f6pide detailid. Kleidil on pikk saba.<\/span><\/p>\n<p><strong>Stiilinipp:<\/strong> kanna pikki kleite kinniste kingadega. \u00c4ra unusta oma pikkuse teada andmist meile, et saaksime all\u00e4\u00e4re pikkuse m\u00e4\u00e4rata Sinu pikkusele sobivaks.<\/p>\n<p><strong>Istuvus:<\/strong> modell on 176 cm pikk ja kannab suurust 36.<\/p>\n<p>Vastab suurusele.<\/p>","protected":false},"featured_media":10103,"template":"","meta":{"nf_dc_page":""},"product_brand":[],"product_cat":[281,293],"product_tag":[],"class_list":{"0":"post-9987","1":"product","2":"type-product","3":"status-publish","4":"has-post-thumbnail","6":"product_cat-groovy-resort-25","7":"product_cat-floor-length-dresses","9":"first","10":"instock","11":"taxable","12":"shipping-taxable","13":"purchasable","14":"product-type-variable"},"jetpack_sharing_enabled":true,"_links":{"self":[{"href":"https:\/\/alexanderling.ee\/et\/wp-json\/wp\/v2\/product\/9987","targetHints":{"allow":["GET"]}}],"collection":[{"href":"https:\/\/alexanderling.ee\/et\/wp-json\/wp\/v2\/product"}],"about":[{"href":"https:\/\/alexanderling.ee\/et\/wp-json\/wp\/v2\/types\/product"}],"wp:featuredmedia":[{"embeddable":true,"href":"https:\/\/alexanderling.ee\/et\/wp-json\/wp\/v2\/media\/10103"}],"wp:attachment":[{"href":"https:\/\/alexanderling.ee\/et\/wp-json\/wp\/v2\/media?parent=9987"}],"wp:term":[{"taxonomy":"product_brand","embeddable":true,"href":"https:\/\/alexanderling.ee\/et\/wp-json\/wp\/v2\/product_brand?post=9987"},{"taxonomy":"product_cat","embeddable":true,"href":"https:\/\/alexanderling.ee\/et\/wp-json\/wp\/v2\/product_cat?post=9987"},{"taxonomy":"product_tag","embeddable":true,"href":"https:\/\/alexanderling.ee\/et\/wp-json\/wp\/v2\/product_tag?post=9987"}],"curies":[{"name":"wp","href":"https:\/\/api.w.org\/{rel}","templated":true}]}}