{"id":9989,"date":"2025-06-15T16:57:31","date_gmt":"2025-06-15T13:57:31","guid":{"rendered":"https:\/\/alexanderling.ee\/?post_type=product&#038;p=9989"},"modified":"2025-11-08T02:35:17","modified_gmt":"2025-11-07T23:35:17","slug":"dress-sa-rapita","status":"publish","type":"product","link":"https:\/\/alexanderling.ee\/et\/toode\/dress-sa-rapita\/","title":{"rendered":"Kleit SA RAPITA"},"content":{"rendered":"<p>Kleidil on seljal peitlukk-kinnis, varrukaotstes kummidetailid ja k\u00fclje\u00f5mblustes sisset\u00f6\u00f6deldud taskud.<\/p>","protected":false},"excerpt":{"rendered":"<p>SA RAPITA on punta trikotaa\u017eist A-l\u00f5ikeline kleit. Raglaanl\u00f5ikeline varrukas annab kehaosale vabadust, ees on voltkaunistus ning seelikuosal on k\u00fclgedel kaks sisset\u00f6\u00f6deldud k\u00fcljetaskut. Valmistatud \u00fclimugavast viskoositrikotaa\u017eist on see kleit maitsekas kandmaks kontoris, aga millega saab ilusti ka \u00f5htutunnid elegantselt veeta.<\/p>\n<p><strong>Stiilinipp:<\/strong> suvel kanna sandaalidega, talvel soovitan lisada mustad sukkp\u00fcksid ja miks mitte \u00fclep\u00f5lve saapad.<\/p>\n<p><strong>Istuvus:<\/strong> modell on 176 cm pikk ja kannab suurust 36.<\/p>\n<p>Vastab suurusele.<\/p>","protected":false},"featured_media":10107,"template":"","meta":{"nf_dc_page":""},"product_brand":[],"product_cat":[281,35,58],"product_tag":[],"class_list":{"0":"post-9989","1":"product","2":"type-product","3":"status-publish","4":"has-post-thumbnail","6":"product_cat-groovy-resort-25","7":"product_cat-dresses","8":"product_cat-sale","10":"first","11":"instock","12":"sale","13":"taxable","14":"shipping-taxable","15":"purchasable","16":"product-type-variable"},"jetpack_sharing_enabled":true,"_links":{"self":[{"href":"https:\/\/alexanderling.ee\/et\/wp-json\/wp\/v2\/product\/9989","targetHints":{"allow":["GET"]}}],"collection":[{"href":"https:\/\/alexanderling.ee\/et\/wp-json\/wp\/v2\/product"}],"about":[{"href":"https:\/\/alexanderling.ee\/et\/wp-json\/wp\/v2\/types\/product"}],"wp:featuredmedia":[{"embeddable":true,"href":"https:\/\/alexanderling.ee\/et\/wp-json\/wp\/v2\/media\/10107"}],"wp:attachment":[{"href":"https:\/\/alexanderling.ee\/et\/wp-json\/wp\/v2\/media?parent=9989"}],"wp:term":[{"taxonomy":"product_brand","embeddable":true,"href":"https:\/\/alexanderling.ee\/et\/wp-json\/wp\/v2\/product_brand?post=9989"},{"taxonomy":"product_cat","embeddable":true,"href":"https:\/\/alexanderling.ee\/et\/wp-json\/wp\/v2\/product_cat?post=9989"},{"taxonomy":"product_tag","embeddable":true,"href":"https:\/\/alexanderling.ee\/et\/wp-json\/wp\/v2\/product_tag?post=9989"}],"curies":[{"name":"wp","href":"https:\/\/api.w.org\/{rel}","templated":true}]}}