{"id":9994,"date":"2025-06-15T17:12:19","date_gmt":"2025-06-15T14:12:19","guid":{"rendered":"https:\/\/alexanderling.ee\/?post_type=product&#038;p=9994"},"modified":"2025-10-25T19:54:56","modified_gmt":"2025-10-25T16:54:56","slug":"top-son-moja","status":"publish","type":"product","link":"https:\/\/alexanderling.ee\/et\/toode\/top-son-moja\/","title":{"rendered":"Topp SON MOJA"},"content":{"rendered":"<p>Topil on kuklal kolm n\u00f6\u00f6p-kinnist.<\/p>","protected":false},"excerpt":{"rendered":"<p>SON MOJA on vabalt kukkuv punta trikotaa\u017eist topp. See on \u00fcks meie lemmikkangaid. K\u00f5rge kaelus, millel kuklal kolm ilusat pruuni n\u00f6\u00f6pkinnist. R\u00f5hutatult suured varrukad, mille all\u00e4\u00e4r on kroogitud mansetti kukuvad kehal ilusti r\u00f5hutades kimono varrukal\u00f5iget. Pane t\u00e4hele, kuidas topi esiosa on kergelt kaarjalt l\u00fchem l\u00f5igatud, taga osa aga pikem, lubades toppi kanda ka p\u00fckste v\u00f5i seeliku v\u00e4rvlivahele torgatuna.<\/p>\n<p><strong>Stiilinipp:<\/strong> kanna samast kangast sigarettp\u00fckste SON REAL v\u00f5i samast kangast pliiatsseeliku CALONGEga.<\/p>\n<p><strong>Istuvus:<\/strong> modell on 176 cm pikk ja kannab suurust 36.<\/p>\n<p>Istub kehasse vabalt.<\/p>","protected":false},"featured_media":10113,"template":"","meta":{"nf_dc_page":""},"product_brand":[],"product_cat":[281,17],"product_tag":[345],"class_list":{"0":"post-9994","1":"product","2":"type-product","3":"status-publish","4":"has-post-thumbnail","6":"product_cat-groovy-resort-25","7":"product_cat-tops","8":"product_tag-new","10":"first","11":"instock","12":"taxable","13":"shipping-taxable","14":"product-type-variable"},"jetpack_sharing_enabled":true,"_links":{"self":[{"href":"https:\/\/alexanderling.ee\/et\/wp-json\/wp\/v2\/product\/9994","targetHints":{"allow":["GET"]}}],"collection":[{"href":"https:\/\/alexanderling.ee\/et\/wp-json\/wp\/v2\/product"}],"about":[{"href":"https:\/\/alexanderling.ee\/et\/wp-json\/wp\/v2\/types\/product"}],"wp:featuredmedia":[{"embeddable":true,"href":"https:\/\/alexanderling.ee\/et\/wp-json\/wp\/v2\/media\/10113"}],"wp:attachment":[{"href":"https:\/\/alexanderling.ee\/et\/wp-json\/wp\/v2\/media?parent=9994"}],"wp:term":[{"taxonomy":"product_brand","embeddable":true,"href":"https:\/\/alexanderling.ee\/et\/wp-json\/wp\/v2\/product_brand?post=9994"},{"taxonomy":"product_cat","embeddable":true,"href":"https:\/\/alexanderling.ee\/et\/wp-json\/wp\/v2\/product_cat?post=9994"},{"taxonomy":"product_tag","embeddable":true,"href":"https:\/\/alexanderling.ee\/et\/wp-json\/wp\/v2\/product_tag?post=9994"}],"curies":[{"name":"wp","href":"https:\/\/api.w.org\/{rel}","templated":true}]}}