{"id":9996,"date":"2025-06-15T17:16:56","date_gmt":"2025-06-15T14:16:56","guid":{"rendered":"https:\/\/alexanderling.ee\/?post_type=product&#038;p=9996"},"modified":"2025-10-25T19:54:56","modified_gmt":"2025-10-25T16:54:56","slug":"skirt-calonge","status":"publish","type":"product","link":"https:\/\/alexanderling.ee\/et\/toode\/skirt-calonge\/","title":{"rendered":"Seelik CALONGE"},"content":{"rendered":"<p>The skirt has a button and snap fastening closure which are adjustable according to the wearer&#8217;s waist measurement.<\/p>","protected":false},"excerpt":{"rendered":"<p>CALONGE h\u00f5lmikseelikul on taljes reguleeritav n\u00f6\u00f6p- ja trukk-kinnised, mis annavad mugavust ja kandmisvabadust. Kaunilt viimistletud teping all\u00e4\u00e4res r\u00f5hutab minimalistlikku esteetikat ja toob peensuseni detailid v\u00e4lja. Nostalgiline kaneelipruun toon toob esile aga vaoshoitud romantika.<\/p>\n<p><strong>Stiilinipp:<\/strong> kanna h\u00f5lmikseelikut samas toonis pluusi SON MOJA v\u00f5i CAPDEPERAga.<\/p>\n<p><strong>Istuvus:<\/strong> modell on 176 cm pikk ja kannab suurust 36.<\/p>\n<p>Vastab suurusele.<\/p>","protected":false},"featured_media":10119,"template":"","meta":{"nf_dc_page":""},"product_brand":[],"product_cat":[281,20,27],"product_tag":[345],"class_list":{"0":"post-9996","1":"product","2":"type-product","3":"status-publish","4":"has-post-thumbnail","6":"product_cat-groovy-resort-25","7":"product_cat-bottoms","8":"product_cat-skirts","9":"product_tag-new","11":"first","12":"instock","13":"sale","14":"taxable","15":"shipping-taxable","16":"purchasable","17":"product-type-variable"},"jetpack_sharing_enabled":true,"_links":{"self":[{"href":"https:\/\/alexanderling.ee\/et\/wp-json\/wp\/v2\/product\/9996","targetHints":{"allow":["GET"]}}],"collection":[{"href":"https:\/\/alexanderling.ee\/et\/wp-json\/wp\/v2\/product"}],"about":[{"href":"https:\/\/alexanderling.ee\/et\/wp-json\/wp\/v2\/types\/product"}],"wp:featuredmedia":[{"embeddable":true,"href":"https:\/\/alexanderling.ee\/et\/wp-json\/wp\/v2\/media\/10119"}],"wp:attachment":[{"href":"https:\/\/alexanderling.ee\/et\/wp-json\/wp\/v2\/media?parent=9996"}],"wp:term":[{"taxonomy":"product_brand","embeddable":true,"href":"https:\/\/alexanderling.ee\/et\/wp-json\/wp\/v2\/product_brand?post=9996"},{"taxonomy":"product_cat","embeddable":true,"href":"https:\/\/alexanderling.ee\/et\/wp-json\/wp\/v2\/product_cat?post=9996"},{"taxonomy":"product_tag","embeddable":true,"href":"https:\/\/alexanderling.ee\/et\/wp-json\/wp\/v2\/product_tag?post=9996"}],"curies":[{"name":"wp","href":"https:\/\/api.w.org\/{rel}","templated":true}]}}