{"id":9998,"date":"2025-06-15T17:29:03","date_gmt":"2025-06-15T14:29:03","guid":{"rendered":"https:\/\/alexanderling.ee\/?post_type=product&#038;p=9998"},"modified":"2025-11-07T23:53:39","modified_gmt":"2025-11-07T20:53:39","slug":"top-cardepera","status":"publish","type":"product","link":"https:\/\/alexanderling.ee\/et\/toode\/top-cardepera\/","title":{"rendered":"Top CAPDEPERA"},"content":{"rendered":"<p>\u00dclaosas on kaela tagaosas kolm metallist n\u00f6\u00f6pkinnitust.<\/p>","protected":false},"excerpt":{"rendered":"<p>CAPDEPERA on halterneck-topp, mis kaunilt kaela \u00fcmber katab ja rangluid r\u00f5hutab. See langeb vabalt \u00fcmber keha ja seda saab p\u00fckste v\u00f5i seeliku k\u00fclge pista. Valmistatud mugavast d\u017eersist, mis v\u00f5imaldab vaba liikumist.<\/p>\n<p><strong>Stiilinipp:<\/strong> kanna samast kangast sigarettp\u00fckste SON REAL v\u00f5i samast kangast pliiatsseeliku CALONGEga.<\/p>\n<p><strong>Istuvus:<\/strong> modell on 176 cm pikk ja kannab suurust 36.<\/p>\n<p>Istub kehasse vabalt.<\/p>","protected":false},"featured_media":10120,"template":"","meta":{"nf_dc_page":""},"product_brand":[],"product_cat":[281,58,17],"product_tag":[],"class_list":{"0":"post-9998","1":"product","2":"type-product","3":"status-publish","4":"has-post-thumbnail","6":"product_cat-groovy-resort-25","7":"product_cat-sale","8":"product_cat-tops","10":"first","11":"instock","12":"sale","13":"taxable","14":"shipping-taxable","15":"purchasable","16":"product-type-variable"},"jetpack_sharing_enabled":true,"_links":{"self":[{"href":"https:\/\/alexanderling.ee\/et\/wp-json\/wp\/v2\/product\/9998","targetHints":{"allow":["GET"]}}],"collection":[{"href":"https:\/\/alexanderling.ee\/et\/wp-json\/wp\/v2\/product"}],"about":[{"href":"https:\/\/alexanderling.ee\/et\/wp-json\/wp\/v2\/types\/product"}],"wp:featuredmedia":[{"embeddable":true,"href":"https:\/\/alexanderling.ee\/et\/wp-json\/wp\/v2\/media\/10120"}],"wp:attachment":[{"href":"https:\/\/alexanderling.ee\/et\/wp-json\/wp\/v2\/media?parent=9998"}],"wp:term":[{"taxonomy":"product_brand","embeddable":true,"href":"https:\/\/alexanderling.ee\/et\/wp-json\/wp\/v2\/product_brand?post=9998"},{"taxonomy":"product_cat","embeddable":true,"href":"https:\/\/alexanderling.ee\/et\/wp-json\/wp\/v2\/product_cat?post=9998"},{"taxonomy":"product_tag","embeddable":true,"href":"https:\/\/alexanderling.ee\/et\/wp-json\/wp\/v2\/product_tag?post=9998"}],"curies":[{"name":"wp","href":"https:\/\/api.w.org\/{rel}","templated":true}]}}